{"id":2381,"date":"2020-02-19T14:23:56","date_gmt":"2020-02-19T14:23:56","guid":{"rendered":"https:\/\/stal.qodeinteractive.com\/?page_id=2381"},"modified":"2025-07-16T07:24:42","modified_gmt":"2025-07-16T07:24:42","slug":"contacta-con-jmurciano","status":"publish","type":"page","link":"https:\/\/jmurciano.es\/en\/contacta-con-jmurciano\/","title":{"rendered":"Contact"},"content":{"rendered":"<div data-elementor-type=\"wp-page\" data-elementor-id=\"2381\" class=\"elementor elementor-2381\" data-elementor-post-type=\"page\">\n\t\t\t\t\t\t<section class=\"elementor-section elementor-top-section elementor-element elementor-element-9f76ccd qodef-elementor-content-grid elementor-hidden-tablet elementor-hidden-mobile elementor-section-height-full elementor-section-content-middle elementor-section-boxed elementor-section-height-default elementor-section-items-middle\" data-id=\"9f76ccd\" data-element_type=\"section\">\n\t\t\t\t\t\t<div class=\"elementor-container elementor-column-gap-default\">\n\t\t\t\t\t<div class=\"elementor-column elementor-col-50 elementor-top-column elementor-element elementor-element-92f9e4d\" data-id=\"92f9e4d\" data-element_type=\"column\">\n\t\t\t<div class=\"elementor-widget-wrap elementor-element-populated\">\n\t\t\t\t\t\t<div class=\"elementor-element elementor-element-cd59779 elementor-widget elementor-widget-google_maps\" data-id=\"cd59779\" data-element_type=\"widget\" data-widget_type=\"google_maps.default\">\n\t\t\t\t<div class=\"elementor-widget-container\">\n\t\t\t\t\t\t\t<div class=\"elementor-custom-embed\">\n\t\t\t<iframe loading=\"lazy\"\n\t\t\t\t\tsrc=\"https:\/\/maps.google.com\/maps?q=Calle%20Escalante%209%2C%20Burjassot%2C%20Valencia&#038;t=m&#038;z=10&#038;output=embed&#038;iwloc=near\"\n\t\t\t\t\ttitle=\"Calle Escalante 9, Burjassot, Valencia\"\n\t\t\t\t\taria-label=\"Calle Escalante 9, Burjassot, Valencia\"\n\t\t\t><\/iframe>\n\t\t<\/div>\n\t\t\t\t\t\t<\/div>\n\t\t\t\t<\/div>\n\t\t\t\t\t<\/div>\n\t\t<\/div>\n\t\t\t\t<div class=\"elementor-column elementor-col-50 elementor-top-column elementor-element elementor-element-d1aa3b6\" data-id=\"d1aa3b6\" data-element_type=\"column\" data-settings=\"{&quot;background_background&quot;:&quot;classic&quot;}\">\n\t\t\t<div class=\"elementor-widget-wrap elementor-element-populated\">\n\t\t\t\t\t\t<div class=\"elementor-element elementor-element-a456d63 elementor-widget elementor-widget-image\" data-id=\"a456d63\" data-element_type=\"widget\" data-widget_type=\"image.default\">\n\t\t\t\t<div class=\"elementor-widget-container\">\n\t\t\t\t\t\t\t\t\t\t\t\t\t\t\t<img fetchpriority=\"high\" decoding=\"async\" width=\"300\" height=\"273\" src=\"https:\/\/jmurciano.es\/wp-content\/uploads\/2023\/01\/JM-LOGO-1-1-300x273.png\" class=\"attachment-medium size-medium wp-image-5865\" alt=\"\" srcset=\"https:\/\/jmurciano.es\/wp-content\/uploads\/2023\/01\/JM-LOGO-1-1-300x273.png 300w, https:\/\/jmurciano.es\/wp-content\/uploads\/2023\/01\/JM-LOGO-1-1-1024x931.png 1024w, https:\/\/jmurciano.es\/wp-content\/uploads\/2023\/01\/JM-LOGO-1-1-768x698.png 768w, https:\/\/jmurciano.es\/wp-content\/uploads\/2023\/01\/JM-LOGO-1-1-1536x1396.png 1536w, https:\/\/jmurciano.es\/wp-content\/uploads\/2023\/01\/JM-LOGO-1-1-600x545.png 600w, https:\/\/jmurciano.es\/wp-content\/uploads\/2023\/01\/JM-LOGO-1-1.png 1629w\" sizes=\"(max-width: 300px) 100vw, 300px\" \/>\t\t\t\t\t\t\t\t\t\t\t\t\t\t\t<\/div>\n\t\t\t\t<\/div>\n\t\t\t\t<div class=\"elementor-element elementor-element-915ae60 elementor-widget elementor-widget-stal_core_section_title\" data-id=\"915ae60\" data-element_type=\"widget\" data-widget_type=\"stal_core_section_title.default\">\n\t\t\t\t<div class=\"elementor-widget-container\">\n\t\t\t\t\t<div class=\"qodef-shortcode qodef-m  qodef-section-title qodef-alignment--left\">\n\t\t<div class=\"qodef-m-title-wrap\">\n\t\t<h3 class=\"qodef-m-title\" >\n\t\t\t\t\tContact\t\t\t<\/h3>\n\t\n\t<\/div>\n\t\t<p class=\"qodef-m-text\" >You can contact us and we will respond as soon as possible.<\/p>\n<\/div>\t\t\t\t<\/div>\n\t\t\t\t<\/div>\n\t\t\t\t<div class=\"elementor-element elementor-element-fe50b89 elementor-widget elementor-widget-qi_addons_for_elementor_icon_with_text\" data-id=\"fe50b89\" data-element_type=\"widget\" data-widget_type=\"qi_addons_for_elementor_icon_with_text.default\">\n\t\t\t\t<div class=\"elementor-widget-container\">\n\t\t\t\t\t<div class=\"qodef-shortcode qodef-m qodef-qi-icon-with-text qodef-layout--before-content qodef--icon-pack qodef-column-responsive--never\" >\n\t\t\t<div class=\"qodef-m-icon-wrapper\">\n\t\t\t\t<div class=\"qodef-m-icon-holder\">\n\t\t<i aria-hidden=\"true\" class=\"fas fa-map-marker-alt\"><\/i>\t<\/div>\n\t\t<\/div>\n\t\t<div class=\"qodef-m-content\">\n\t\t\t<p class=\"qodef-m-title\">\n\t\t\t\t\t<span class=\"qodef-m-title-text\">Calle Escalante 9, Burjassot, Valencia<\/span>\n\t\t\t<\/p>\n\t\t\t\t\t\t\t<\/div>\n<\/div>\n\t\t\t\t<\/div>\n\t\t\t\t<\/div>\n\t\t\t\t<div class=\"elementor-element elementor-element-08ff91d elementor-widget elementor-widget-qi_addons_for_elementor_icon_with_text\" data-id=\"08ff91d\" data-element_type=\"widget\" data-widget_type=\"qi_addons_for_elementor_icon_with_text.default\">\n\t\t\t\t<div class=\"elementor-widget-container\">\n\t\t\t\t\t<div class=\"qodef-shortcode qodef-m qodef-qi-icon-with-text qodef-layout--before-content qodef--icon-pack qodef-column-responsive--never\" >\n\t\t\t<div class=\"qodef-m-icon-wrapper\">\n\t\t\t\t<a itemprop=\"url\" href=\"tel:627981598\" target=\"_self\">\n\t<div class=\"qodef-m-icon-holder\">\n\t\t<i aria-hidden=\"true\" class=\"fas fa-phone-alt\"><\/i>\t<\/div>\n\t<\/a>\n\t\t<\/div>\n\t\t<div class=\"qodef-m-content\">\n\t\t\t<p class=\"qodef-m-title\">\n\t\t\t\t\t<a itemprop=\"url\" href=\"tel:627981598\" target=\"_self\">\n\t\t\t\t\t<span class=\"qodef-m-title-text\">+34 627 981 598<\/span>\n\t\t\t\t\t<\/a>\n\t\t\t<\/p>\n\t\t\t\t\t\t\t<\/div>\n<\/div>\n\t\t\t\t<\/div>\n\t\t\t\t<\/div>\n\t\t\t\t<div class=\"elementor-element elementor-element-d4da00c elementor-widget elementor-widget-qi_addons_for_elementor_icon_with_text\" data-id=\"d4da00c\" data-element_type=\"widget\" data-widget_type=\"qi_addons_for_elementor_icon_with_text.default\">\n\t\t\t\t<div class=\"elementor-widget-container\">\n\t\t\t\t\t<div class=\"qodef-shortcode qodef-m qodef-qi-icon-with-text qodef-layout--before-content qodef--icon-pack qodef-column-responsive--never\" >\n\t\t\t<div class=\"qodef-m-icon-wrapper\">\n\t\t\t\t<a itemprop=\"url\" href=\"mailto:hola@jmurciano.es\" target=\"_self\">\n\t<div class=\"qodef-m-icon-holder\">\n\t\t<i aria-hidden=\"true\" class=\"far fa-envelope\"><\/i>\t<\/div>\n\t<\/a>\n\t\t<\/div>\n\t\t<div class=\"qodef-m-content\">\n\t\t\t<p class=\"qodef-m-title\">\n\t\t\t\t\t<a itemprop=\"url\" href=\"mailto:hola@jmurciano.es\" target=\"_self\">\n\t\t\t\t\t<span class=\"qodef-m-title-text\">hola@jmurciano.es<\/span>\n\t\t\t\t\t<\/a>\n\t\t\t<\/p>\n\t\t\t\t\t\t\t<\/div>\n<\/div>\n\t\t\t\t<\/div>\n\t\t\t\t<\/div>\n\t\t\t\t<div class=\"elementor-element elementor-element-6fde665 elementor-widget elementor-widget-qi_addons_for_elementor_icon_with_text\" data-id=\"6fde665\" data-element_type=\"widget\" data-widget_type=\"qi_addons_for_elementor_icon_with_text.default\">\n\t\t\t\t<div class=\"elementor-widget-container\">\n\t\t\t\t\t<div class=\"qodef-shortcode qodef-m qodef-qi-icon-with-text qodef-layout--before-content qodef--icon-pack qodef-column-responsive--never\" >\n\t\t\t<div class=\"qodef-m-icon-wrapper\">\n\t\t\t\t<a itemprop=\"url\" href=\"https:\/\/www.linkedin.com\/company\/jmurciano\" target=\"_self\">\n\t<div class=\"qodef-m-icon-holder\">\n\t\t<i aria-hidden=\"true\" class=\"fab fa-linkedin\"><\/i>\t<\/div>\n\t<\/a>\n\t\t<\/div>\n\t\t<div class=\"qodef-m-content\">\n\t\t\t<p class=\"qodef-m-title\">\n\t\t\t\t\t<a itemprop=\"url\" href=\"https:\/\/www.linkedin.com\/company\/jmurciano\" target=\"_self\">\n\t\t\t\t\t<span class=\"qodef-m-title-text\">J Murciano<\/span>\n\t\t\t\t\t<\/a>\n\t\t\t<\/p>\n\t\t\t\t\t\t\t<\/div>\n<\/div>\n\t\t\t\t<\/div>\n\t\t\t\t<\/div>\n\t\t\t\t\t<\/div>\n\t\t<\/div>\n\t\t\t\t\t<\/div>\n\t\t<\/section>\n\t\t\t\t<section class=\"elementor-section elementor-top-section elementor-element elementor-element-3e993fd qodef-elementor-content-grid elementor-section-full_width elementor-section-stretched elementor-hidden-desktop elementor-section-height-default elementor-section-height-default\" data-id=\"3e993fd\" data-element_type=\"section\" data-settings=\"{&quot;stretch_section&quot;:&quot;section-stretched&quot;}\">\n\t\t\t\t\t\t<div class=\"elementor-container elementor-column-gap-default\">\n\t\t\t\t\t<div class=\"elementor-column elementor-col-50 elementor-top-column elementor-element elementor-element-4adecdc\" data-id=\"4adecdc\" data-element_type=\"column\">\n\t\t\t<div class=\"elementor-widget-wrap elementor-element-populated\">\n\t\t\t\t\t\t<div class=\"elementor-element elementor-element-dba4275 elementor-widget elementor-widget-google_maps\" data-id=\"dba4275\" data-element_type=\"widget\" data-widget_type=\"google_maps.default\">\n\t\t\t\t<div class=\"elementor-widget-container\">\n\t\t\t\t\t\t\t<div class=\"elementor-custom-embed\">\n\t\t\t<iframe loading=\"lazy\"\n\t\t\t\t\tsrc=\"https:\/\/maps.google.com\/maps?q=Calle%20Escalante%209%2C%20Burjassot%2C%20Valencia&#038;t=m&#038;z=10&#038;output=embed&#038;iwloc=near\"\n\t\t\t\t\ttitle=\"Calle Escalante 9, Burjassot, Valencia\"\n\t\t\t\t\taria-label=\"Calle Escalante 9, Burjassot, Valencia\"\n\t\t\t><\/iframe>\n\t\t<\/div>\n\t\t\t\t\t\t<\/div>\n\t\t\t\t<\/div>\n\t\t\t\t\t<\/div>\n\t\t<\/div>\n\t\t\t\t<div class=\"elementor-column elementor-col-50 elementor-top-column elementor-element elementor-element-0f00a93\" data-id=\"0f00a93\" data-element_type=\"column\" data-settings=\"{&quot;background_background&quot;:&quot;classic&quot;}\">\n\t\t\t<div class=\"elementor-widget-wrap elementor-element-populated\">\n\t\t\t\t\t\t<div class=\"elementor-element elementor-element-3293343 elementor-widget-mobile__width-initial elementor-widget elementor-widget-stal_core_section_title\" data-id=\"3293343\" data-element_type=\"widget\" data-widget_type=\"stal_core_section_title.default\">\n\t\t\t\t<div class=\"elementor-widget-container\">\n\t\t\t\t\t<div class=\"qodef-shortcode qodef-m  qodef-section-title qodef-alignment--left\">\n\t\t<div class=\"qodef-m-title-wrap\">\n\t\t<h3 class=\"qodef-m-title\" >\n\t\t\t\t\tContact\t\t\t<\/h3>\n\t\n\t<\/div>\n\t\t<p class=\"qodef-m-text\" >You can contact us and we will respond as soon as possible.<\/p>\n<\/div>\t\t\t\t<\/div>\n\t\t\t\t<\/div>\n\t\t\t\t<div class=\"elementor-element elementor-element-e1c9383 elementor-widget elementor-widget-qi_addons_for_elementor_icon_with_text\" data-id=\"e1c9383\" data-element_type=\"widget\" data-widget_type=\"qi_addons_for_elementor_icon_with_text.default\">\n\t\t\t\t<div class=\"elementor-widget-container\">\n\t\t\t\t\t<div class=\"qodef-shortcode qodef-m qodef-qi-icon-with-text qodef-layout--before-content qodef--icon-pack qodef-column-responsive--never\" >\n\t\t\t<div class=\"qodef-m-icon-wrapper\">\n\t\t\t\t<div class=\"qodef-m-icon-holder\">\n\t\t<i aria-hidden=\"true\" class=\"fas fa-map-marker-alt\"><\/i>\t<\/div>\n\t\t<\/div>\n\t\t<div class=\"qodef-m-content\">\n\t\t\t<p class=\"qodef-m-title\">\n\t\t\t\t\t<span class=\"qodef-m-title-text\">Calle Escalante 9, Burjassot, Valencia<\/span>\n\t\t\t<\/p>\n\t\t\t\t\t\t\t<\/div>\n<\/div>\n\t\t\t\t<\/div>\n\t\t\t\t<\/div>\n\t\t\t\t<div class=\"elementor-element elementor-element-025f378 elementor-widget elementor-widget-qi_addons_for_elementor_icon_with_text\" data-id=\"025f378\" data-element_type=\"widget\" data-widget_type=\"qi_addons_for_elementor_icon_with_text.default\">\n\t\t\t\t<div class=\"elementor-widget-container\">\n\t\t\t\t\t<div class=\"qodef-shortcode qodef-m qodef-qi-icon-with-text qodef-layout--before-content qodef--icon-pack qodef-column-responsive--never\" >\n\t\t\t<div class=\"qodef-m-icon-wrapper\">\n\t\t\t\t<a itemprop=\"url\" href=\"tel:34602507235\" target=\"_self\">\n\t<div class=\"qodef-m-icon-holder\">\n\t\t<i aria-hidden=\"true\" class=\"fas fa-phone-alt\"><\/i>\t<\/div>\n\t<\/a>\n\t\t<\/div>\n\t\t<div class=\"qodef-m-content\">\n\t\t\t<p class=\"qodef-m-title\">\n\t\t\t\t\t<a itemprop=\"url\" href=\"tel:34602507235\" target=\"_self\">\n\t\t\t\t\t<span class=\"qodef-m-title-text\">+34 602 50 72 35<\/span>\n\t\t\t\t\t<\/a>\n\t\t\t<\/p>\n\t\t\t\t\t\t\t<\/div>\n<\/div>\n\t\t\t\t<\/div>\n\t\t\t\t<\/div>\n\t\t\t\t<div class=\"elementor-element elementor-element-23907c7 elementor-widget elementor-widget-qi_addons_for_elementor_icon_with_text\" data-id=\"23907c7\" data-element_type=\"widget\" data-widget_type=\"qi_addons_for_elementor_icon_with_text.default\">\n\t\t\t\t<div class=\"elementor-widget-container\">\n\t\t\t\t\t<div class=\"qodef-shortcode qodef-m qodef-qi-icon-with-text qodef-layout--before-content qodef--icon-pack qodef-column-responsive--never\" >\n\t\t\t<div class=\"qodef-m-icon-wrapper\">\n\t\t\t\t<a itemprop=\"url\" href=\"mailto:hola@jmurciano.es\" target=\"_self\">\n\t<div class=\"qodef-m-icon-holder\">\n\t\t<i aria-hidden=\"true\" class=\"far fa-envelope\"><\/i>\t<\/div>\n\t<\/a>\n\t\t<\/div>\n\t\t<div class=\"qodef-m-content\">\n\t\t\t<p class=\"qodef-m-title\">\n\t\t\t\t\t<a itemprop=\"url\" href=\"mailto:hola@jmurciano.es\" target=\"_self\">\n\t\t\t\t\t<span class=\"qodef-m-title-text\">hola@jmurciano.es<\/span>\n\t\t\t\t\t<\/a>\n\t\t\t<\/p>\n\t\t\t\t\t\t\t<\/div>\n<\/div>\n\t\t\t\t<\/div>\n\t\t\t\t<\/div>\n\t\t\t\t<div class=\"elementor-element elementor-element-fc533f5 elementor-widget elementor-widget-qi_addons_for_elementor_icon_with_text\" data-id=\"fc533f5\" data-element_type=\"widget\" data-widget_type=\"qi_addons_for_elementor_icon_with_text.default\">\n\t\t\t\t<div class=\"elementor-widget-container\">\n\t\t\t\t\t<div class=\"qodef-shortcode qodef-m qodef-qi-icon-with-text qodef-layout--before-content qodef--icon-pack qodef-column-responsive--never\" >\n\t\t\t<div class=\"qodef-m-icon-wrapper\">\n\t\t\t\t<a itemprop=\"url\" href=\"https:\/\/www.linkedin.com\/company\/jmurciano\" target=\"_self\">\n\t<div class=\"qodef-m-icon-holder\">\n\t\t<i aria-hidden=\"true\" class=\"fab fa-linkedin\"><\/i>\t<\/div>\n\t<\/a>\n\t\t<\/div>\n\t\t<div class=\"qodef-m-content\">\n\t\t\t<p class=\"qodef-m-title\">\n\t\t\t\t\t<a itemprop=\"url\" href=\"https:\/\/www.linkedin.com\/company\/jmurciano\" target=\"_self\">\n\t\t\t\t\t<span class=\"qodef-m-title-text\">J Murciano<\/span>\n\t\t\t\t\t<\/a>\n\t\t\t<\/p>\n\t\t\t\t\t\t\t<\/div>\n<\/div>\n\t\t\t\t<\/div>\n\t\t\t\t<\/div>\n\t\t\t\t<div class=\"elementor-element elementor-element-25cc59e elementor-widget elementor-widget-image\" data-id=\"25cc59e\" data-element_type=\"widget\" data-widget_type=\"image.default\">\n\t\t\t\t<div class=\"elementor-widget-container\">\n\t\t\t\t\t\t\t\t\t\t\t\t\t\t\t<img fetchpriority=\"high\" decoding=\"async\" width=\"300\" height=\"273\" src=\"https:\/\/jmurciano.es\/wp-content\/uploads\/2023\/01\/JM-LOGO-1-1-300x273.png\" class=\"attachment-medium size-medium wp-image-5865\" alt=\"\" srcset=\"https:\/\/jmurciano.es\/wp-content\/uploads\/2023\/01\/JM-LOGO-1-1-300x273.png 300w, https:\/\/jmurciano.es\/wp-content\/uploads\/2023\/01\/JM-LOGO-1-1-1024x931.png 1024w, https:\/\/jmurciano.es\/wp-content\/uploads\/2023\/01\/JM-LOGO-1-1-768x698.png 768w, https:\/\/jmurciano.es\/wp-content\/uploads\/2023\/01\/JM-LOGO-1-1-1536x1396.png 1536w, https:\/\/jmurciano.es\/wp-content\/uploads\/2023\/01\/JM-LOGO-1-1-600x545.png 600w, https:\/\/jmurciano.es\/wp-content\/uploads\/2023\/01\/JM-LOGO-1-1.png 1629w\" sizes=\"(max-width: 300px) 100vw, 300px\" \/>\t\t\t\t\t\t\t\t\t\t\t\t\t\t\t<\/div>\n\t\t\t\t<\/div>\n\t\t\t\t\t<\/div>\n\t\t<\/div>\n\t\t\t\t\t<\/div>\n\t\t<\/section>\n\t\t\t\t<\/div>","protected":false},"excerpt":{"rendered":"<p>Contacto Puedes contactar con nosotros y te responderemos con la mayor brevedad posible. Calle Escalante 9, Burjassot, Valencia +34 627 981 598 hola@jmurciano.es J Murciano Contacto Puedes contactar con nosotros y te responderemos con la mayor brevedad posible. Calle Escalante 9, Burjassot, Valencia +34 602 50 72 35 hola@jmurciano.es J Murciano<\/p>","protected":false},"author":1,"featured_media":0,"parent":0,"menu_order":0,"comment_status":"closed","ping_status":"closed","template":"page-full-width.php","meta":{"footnotes":""},"class_list":["post-2381","page","type-page","status-publish","hentry"],"yoast_head":"<!-- This site is optimized with the Yoast SEO plugin v24.7 - https:\/\/yoast.com\/wordpress\/plugins\/seo\/ -->\n<title>Contacto - J Murciano<\/title>\n<meta name=\"description\" content=\"Contacta con Jmurciano para m\u00e1s informaci\u00f3n sobre instalaciones el\u00e9ctricas, automatizaci\u00f3n y electricidad industrial\" \/>\n<meta name=\"robots\" content=\"index, follow, max-snippet:-1, max-image-preview:large, max-video-preview:-1\" \/>\n<link rel=\"canonical\" href=\"https:\/\/jmurciano.es\/en\/contacta-con-jmurciano\/\" \/>\n<meta property=\"og:locale\" content=\"en_GB\" \/>\n<meta property=\"og:type\" content=\"article\" \/>\n<meta property=\"og:title\" content=\"Contacto - J Murciano\" \/>\n<meta property=\"og:description\" content=\"Contacta con Jmurciano para m\u00e1s informaci\u00f3n sobre instalaciones el\u00e9ctricas, automatizaci\u00f3n y electricidad industrial\" \/>\n<meta property=\"og:url\" content=\"https:\/\/jmurciano.es\/en\/contacta-con-jmurciano\/\" \/>\n<meta property=\"og:site_name\" content=\"J Murciano\" \/>\n<meta property=\"article:modified_time\" content=\"2025-07-16T07:24:42+00:00\" \/>\n<meta property=\"og:image\" content=\"https:\/\/jmurciano.es\/wp-content\/uploads\/2023\/01\/JM-LOGO-1-1.png\" \/>\n\t<meta property=\"og:image:width\" content=\"1629\" \/>\n\t<meta property=\"og:image:height\" content=\"1481\" \/>\n\t<meta property=\"og:image:type\" content=\"image\/png\" \/>\n<meta name=\"twitter:card\" content=\"summary_large_image\" \/>\n<meta name=\"twitter:label1\" content=\"Estimated reading time\" \/>\n\t<meta name=\"twitter:data1\" content=\"1 minute\" \/>\n<script type=\"application\/ld+json\" class=\"yoast-schema-graph\">{\"@context\":\"https:\/\/schema.org\",\"@graph\":[{\"@type\":\"WebPage\",\"@id\":\"https:\/\/jmurciano.es\/contacta-con-jmurciano\/\",\"url\":\"https:\/\/jmurciano.es\/contacta-con-jmurciano\/\",\"name\":\"Contacto - J Murciano\",\"isPartOf\":{\"@id\":\"https:\/\/jmurciano.es\/#website\"},\"primaryImageOfPage\":{\"@id\":\"https:\/\/jmurciano.es\/contacta-con-jmurciano\/#primaryimage\"},\"image\":{\"@id\":\"https:\/\/jmurciano.es\/contacta-con-jmurciano\/#primaryimage\"},\"thumbnailUrl\":\"https:\/\/jmurciano.es\/wp-content\/uploads\/2023\/01\/JM-LOGO-1-1-300x273.png\",\"datePublished\":\"2020-02-19T14:23:56+00:00\",\"dateModified\":\"2025-07-16T07:24:42+00:00\",\"description\":\"Contacta con Jmurciano para m\u00e1s informaci\u00f3n sobre instalaciones el\u00e9ctricas, automatizaci\u00f3n y electricidad industrial\",\"breadcrumb\":{\"@id\":\"https:\/\/jmurciano.es\/contacta-con-jmurciano\/#breadcrumb\"},\"inLanguage\":\"en-GB\",\"potentialAction\":[{\"@type\":\"ReadAction\",\"target\":[\"https:\/\/jmurciano.es\/contacta-con-jmurciano\/\"]}]},{\"@type\":\"ImageObject\",\"inLanguage\":\"en-GB\",\"@id\":\"https:\/\/jmurciano.es\/contacta-con-jmurciano\/#primaryimage\",\"url\":\"https:\/\/jmurciano.es\/wp-content\/uploads\/2023\/01\/JM-LOGO-1-1-300x273.png\",\"contentUrl\":\"https:\/\/jmurciano.es\/wp-content\/uploads\/2023\/01\/JM-LOGO-1-1-300x273.png\"},{\"@type\":\"BreadcrumbList\",\"@id\":\"https:\/\/jmurciano.es\/contacta-con-jmurciano\/#breadcrumb\",\"itemListElement\":[{\"@type\":\"ListItem\",\"position\":1,\"name\":\"Portada\",\"item\":\"https:\/\/jmurciano.es\/\"},{\"@type\":\"ListItem\",\"position\":2,\"name\":\"Contacto\"}]},{\"@type\":\"WebSite\",\"@id\":\"https:\/\/jmurciano.es\/#website\",\"url\":\"https:\/\/jmurciano.es\/\",\"name\":\"J Murciano\",\"description\":\"\",\"potentialAction\":[{\"@type\":\"SearchAction\",\"target\":{\"@type\":\"EntryPoint\",\"urlTemplate\":\"https:\/\/jmurciano.es\/?s={search_term_string}\"},\"query-input\":{\"@type\":\"PropertyValueSpecification\",\"valueRequired\":true,\"valueName\":\"search_term_string\"}}],\"inLanguage\":\"en-GB\"}]}<\/script>\n<!-- \/ Yoast SEO plugin. -->","yoast_head_json":{"title":"Contacto - J Murciano","description":"Contacta con Jmurciano para m\u00e1s informaci\u00f3n sobre instalaciones el\u00e9ctricas, automatizaci\u00f3n y electricidad industrial","robots":{"index":"index","follow":"follow","max-snippet":"max-snippet:-1","max-image-preview":"max-image-preview:large","max-video-preview":"max-video-preview:-1"},"canonical":"https:\/\/jmurciano.es\/en\/contacta-con-jmurciano\/","og_locale":"en_GB","og_type":"article","og_title":"Contacto - J Murciano","og_description":"Contacta con Jmurciano para m\u00e1s informaci\u00f3n sobre instalaciones el\u00e9ctricas, automatizaci\u00f3n y electricidad industrial","og_url":"https:\/\/jmurciano.es\/en\/contacta-con-jmurciano\/","og_site_name":"J Murciano","article_modified_time":"2025-07-16T07:24:42+00:00","og_image":[{"width":1629,"height":1481,"url":"https:\/\/jmurciano.es\/wp-content\/uploads\/2023\/01\/JM-LOGO-1-1.png","type":"image\/png"}],"twitter_card":"summary_large_image","twitter_misc":{"Estimated reading time":"1 minute"},"schema":{"@context":"https:\/\/schema.org","@graph":[{"@type":"WebPage","@id":"https:\/\/jmurciano.es\/contacta-con-jmurciano\/","url":"https:\/\/jmurciano.es\/contacta-con-jmurciano\/","name":"Contacto - J Murciano","isPartOf":{"@id":"https:\/\/jmurciano.es\/#website"},"primaryImageOfPage":{"@id":"https:\/\/jmurciano.es\/contacta-con-jmurciano\/#primaryimage"},"image":{"@id":"https:\/\/jmurciano.es\/contacta-con-jmurciano\/#primaryimage"},"thumbnailUrl":"https:\/\/jmurciano.es\/wp-content\/uploads\/2023\/01\/JM-LOGO-1-1-300x273.png","datePublished":"2020-02-19T14:23:56+00:00","dateModified":"2025-07-16T07:24:42+00:00","description":"Contacta con Jmurciano para m\u00e1s informaci\u00f3n sobre instalaciones el\u00e9ctricas, automatizaci\u00f3n y electricidad industrial","breadcrumb":{"@id":"https:\/\/jmurciano.es\/contacta-con-jmurciano\/#breadcrumb"},"inLanguage":"en-GB","potentialAction":[{"@type":"ReadAction","target":["https:\/\/jmurciano.es\/contacta-con-jmurciano\/"]}]},{"@type":"ImageObject","inLanguage":"en-GB","@id":"https:\/\/jmurciano.es\/contacta-con-jmurciano\/#primaryimage","url":"https:\/\/jmurciano.es\/wp-content\/uploads\/2023\/01\/JM-LOGO-1-1-300x273.png","contentUrl":"https:\/\/jmurciano.es\/wp-content\/uploads\/2023\/01\/JM-LOGO-1-1-300x273.png"},{"@type":"BreadcrumbList","@id":"https:\/\/jmurciano.es\/contacta-con-jmurciano\/#breadcrumb","itemListElement":[{"@type":"ListItem","position":1,"name":"Portada","item":"https:\/\/jmurciano.es\/"},{"@type":"ListItem","position":2,"name":"Contacto"}]},{"@type":"WebSite","@id":"https:\/\/jmurciano.es\/#website","url":"https:\/\/jmurciano.es\/","name":"J Murciano","description":"","potentialAction":[{"@type":"SearchAction","target":{"@type":"EntryPoint","urlTemplate":"https:\/\/jmurciano.es\/?s={search_term_string}"},"query-input":{"@type":"PropertyValueSpecification","valueRequired":true,"valueName":"search_term_string"}}],"inLanguage":"en-GB"}]}},"_links":{"self":[{"href":"https:\/\/jmurciano.es\/en\/wp-json\/wp\/v2\/pages\/2381","targetHints":{"allow":["GET"]}}],"collection":[{"href":"https:\/\/jmurciano.es\/en\/wp-json\/wp\/v2\/pages"}],"about":[{"href":"https:\/\/jmurciano.es\/en\/wp-json\/wp\/v2\/types\/page"}],"author":[{"embeddable":true,"href":"https:\/\/jmurciano.es\/en\/wp-json\/wp\/v2\/users\/1"}],"replies":[{"embeddable":true,"href":"https:\/\/jmurciano.es\/en\/wp-json\/wp\/v2\/comments?post=2381"}],"version-history":[{"count":83,"href":"https:\/\/jmurciano.es\/en\/wp-json\/wp\/v2\/pages\/2381\/revisions"}],"predecessor-version":[{"id":7786,"href":"https:\/\/jmurciano.es\/en\/wp-json\/wp\/v2\/pages\/2381\/revisions\/7786"}],"wp:attachment":[{"href":"https:\/\/jmurciano.es\/en\/wp-json\/wp\/v2\/media?parent=2381"}],"curies":[{"name":"wp","href":"https:\/\/api.w.org\/{rel}","templated":true}]}}