{"id":7791,"date":"2025-07-31T06:49:01","date_gmt":"2025-07-31T06:49:01","guid":{"rendered":"https:\/\/jmurciano.es\/?page_id=7791"},"modified":"2025-07-31T06:53:39","modified_gmt":"2025-07-31T06:53:39","slug":"instalacion-y-desarrollo-de-bases-de-pintura","status":"publish","type":"page","link":"https:\/\/jmurciano.es\/en\/instalacion-y-desarrollo-de-bases-de-pintura\/","title":{"rendered":"Instalacio\u0301n y Desarrollo de Bases de Pintura"},"content":{"rendered":"<div data-elementor-type=\"wp-page\" data-elementor-id=\"7791\" class=\"elementor elementor-7791\" data-elementor-post-type=\"page\">\n\t\t\t\t\t\t<section class=\"elementor-section elementor-top-section elementor-element elementor-element-041d997 elementor-section-stretched elementor-section-boxed elementor-section-height-default elementor-section-height-default qodef-elementor-content-no\" data-id=\"041d997\" data-element_type=\"section\" data-settings=\"{&quot;stretch_section&quot;:&quot;section-stretched&quot;}\">\n\t\t\t\t\t\t<div class=\"elementor-container elementor-column-gap-default\">\n\t\t\t\t\t<div class=\"elementor-column elementor-col-100 elementor-top-column elementor-element elementor-element-477c01e\" data-id=\"477c01e\" data-element_type=\"column\">\n\t\t\t<div class=\"elementor-widget-wrap elementor-element-populated\">\n\t\t\t\t\t\t<div class=\"elementor-element elementor-element-c9abe11 elementor-widget elementor-widget-heading\" data-id=\"c9abe11\" data-element_type=\"widget\" data-widget_type=\"heading.default\">\n\t\t\t\t<div class=\"elementor-widget-container\">\n\t\t\t\t\t<h2 class=\"elementor-heading-title elementor-size-default\"><a href=\"https:\/\/jmurciano.es\/en\/proyectos-instalaciones-electricas-jmuricano\/\">X<\/a><\/h2>\t\t\t\t<\/div>\n\t\t\t\t<\/div>\n\t\t\t\t\t<\/div>\n\t\t<\/div>\n\t\t\t\t\t<\/div>\n\t\t<\/section>\n\t\t\t\t<section class=\"elementor-section elementor-top-section elementor-element elementor-element-80c8dd9 elementor-section-height-min-height elementor-section-items-top elementor-section-boxed elementor-section-height-default qodef-elementor-content-no\" data-id=\"80c8dd9\" data-element_type=\"section\">\n\t\t\t\t\t\t<div class=\"elementor-container elementor-column-gap-default\">\n\t\t\t\t\t<div class=\"elementor-column elementor-col-100 elementor-top-column elementor-element elementor-element-f8e5aa6\" data-id=\"f8e5aa6\" data-element_type=\"column\">\n\t\t\t<div class=\"elementor-widget-wrap elementor-element-populated\">\n\t\t\t\t\t\t<div class=\"elementor-element elementor-element-98caf7e elementor-widget elementor-widget-text-editor\" data-id=\"98caf7e\" data-element_type=\"widget\" data-widget_type=\"text-editor.default\">\n\t\t\t\t<div class=\"elementor-widget-container\">\n\t\t\t\t\t\t\t\t\t<p>La instalaci\u00f3n y desarrollo de bases de pintura es un proceso clave para proteger y mejorar la calidad de los materiales utilizados.<\/p><p>Este procedimiento incluye la preparaci\u00f3n de superficies, aplicaci\u00f3n de recubrimientos base y la selecci\u00f3n de pinturas adecuadas para garantizar resistencia a la corrosi\u00f3n, aislamiento y durabilidad. El desarrollo de estas bases implica elegir componentes adecuados seg\u00fan el entorno de instalaci\u00f3n, asegurando el cumplimiento de normativas de seguridad y calidad.<\/p><p>Una correcta aplicaci\u00f3n de pintura no solo protege los equipos y estructuras el\u00e9ctricas, sino que tambi\u00e9n mejora su est\u00e9tica y prolonga su vida \u00fatil.<\/p>\t\t\t\t\t\t\t\t<\/div>\n\t\t\t\t<\/div>\n\t\t\t\t<div class=\"elementor-element elementor-element-a9931f3 elementor-widget elementor-widget-stal_core_image_gallery\" data-id=\"a9931f3\" data-element_type=\"widget\" data-widget_type=\"stal_core_image_gallery.default\">\n\t\t\t\t<div class=\"elementor-widget-container\">\n\t\t\t\t\t<div class=\"qodef-shortcode qodef-m  qodef-image-gallery  qodef-grid qodef-layout--columns  qodef-gutter--normal qodef-col-num--2  qodef-responsive--predefined\">\n    <div class=\"qodef-grid-inner clear\">\n\t\t<div class=\"qodef-e qodef-image-wrapper qodef-grid-item\">\n\t\t\t<img fetchpriority=\"high\" decoding=\"async\" width=\"1200\" height=\"1600\" src=\"https:\/\/jmurciano.es\/wp-content\/uploads\/2025\/07\/PHOTO-2024-09-24-14-30-35.jpg\" class=\"attachment-full size-full\" alt=\"\" srcset=\"https:\/\/jmurciano.es\/wp-content\/uploads\/2025\/07\/PHOTO-2024-09-24-14-30-35.jpg 1200w, https:\/\/jmurciano.es\/wp-content\/uploads\/2025\/07\/PHOTO-2024-09-24-14-30-35-225x300.jpg 225w, https:\/\/jmurciano.es\/wp-content\/uploads\/2025\/07\/PHOTO-2024-09-24-14-30-35-768x1024.jpg 768w, https:\/\/jmurciano.es\/wp-content\/uploads\/2025\/07\/PHOTO-2024-09-24-14-30-35-1152x1536.jpg 1152w, https:\/\/jmurciano.es\/wp-content\/uploads\/2025\/07\/PHOTO-2024-09-24-14-30-35-9x12.jpg 9w\" sizes=\"(max-width: 1200px) 100vw, 1200px\" \/>\t<\/div><div class=\"qodef-e qodef-image-wrapper qodef-grid-item\">\n\t\t\t<img decoding=\"async\" width=\"1200\" height=\"1600\" src=\"https:\/\/jmurciano.es\/wp-content\/uploads\/2025\/07\/PHOTO-2024-09-24-14-30-36.jpg\" class=\"attachment-full size-full\" alt=\"\" srcset=\"https:\/\/jmurciano.es\/wp-content\/uploads\/2025\/07\/PHOTO-2024-09-24-14-30-36.jpg 1200w, https:\/\/jmurciano.es\/wp-content\/uploads\/2025\/07\/PHOTO-2024-09-24-14-30-36-225x300.jpg 225w, https:\/\/jmurciano.es\/wp-content\/uploads\/2025\/07\/PHOTO-2024-09-24-14-30-36-768x1024.jpg 768w, https:\/\/jmurciano.es\/wp-content\/uploads\/2025\/07\/PHOTO-2024-09-24-14-30-36-1152x1536.jpg 1152w, https:\/\/jmurciano.es\/wp-content\/uploads\/2025\/07\/PHOTO-2024-09-24-14-30-36-9x12.jpg 9w\" sizes=\"(max-width: 1200px) 100vw, 1200px\" \/>\t<\/div><div class=\"qodef-e qodef-image-wrapper qodef-grid-item\">\n\t\t\t<img decoding=\"async\" width=\"1200\" height=\"1600\" src=\"https:\/\/jmurciano.es\/wp-content\/uploads\/2025\/07\/PHOTO-2024-09-24-14-42-55.jpg\" class=\"attachment-full size-full\" alt=\"\" srcset=\"https:\/\/jmurciano.es\/wp-content\/uploads\/2025\/07\/PHOTO-2024-09-24-14-42-55.jpg 1200w, https:\/\/jmurciano.es\/wp-content\/uploads\/2025\/07\/PHOTO-2024-09-24-14-42-55-225x300.jpg 225w, https:\/\/jmurciano.es\/wp-content\/uploads\/2025\/07\/PHOTO-2024-09-24-14-42-55-768x1024.jpg 768w, https:\/\/jmurciano.es\/wp-content\/uploads\/2025\/07\/PHOTO-2024-09-24-14-42-55-1152x1536.jpg 1152w, https:\/\/jmurciano.es\/wp-content\/uploads\/2025\/07\/PHOTO-2024-09-24-14-42-55-9x12.jpg 9w\" sizes=\"(max-width: 1200px) 100vw, 1200px\" \/>\t<\/div><div class=\"qodef-e qodef-image-wrapper qodef-grid-item\">\n\t\t\t<img loading=\"lazy\" decoding=\"async\" width=\"1200\" height=\"1600\" src=\"https:\/\/jmurciano.es\/wp-content\/uploads\/2025\/07\/PHOTO-2024-09-24-14-42-56.jpg\" class=\"attachment-full size-full\" alt=\"\" srcset=\"https:\/\/jmurciano.es\/wp-content\/uploads\/2025\/07\/PHOTO-2024-09-24-14-42-56.jpg 1200w, https:\/\/jmurciano.es\/wp-content\/uploads\/2025\/07\/PHOTO-2024-09-24-14-42-56-225x300.jpg 225w, https:\/\/jmurciano.es\/wp-content\/uploads\/2025\/07\/PHOTO-2024-09-24-14-42-56-768x1024.jpg 768w, https:\/\/jmurciano.es\/wp-content\/uploads\/2025\/07\/PHOTO-2024-09-24-14-42-56-1152x1536.jpg 1152w, https:\/\/jmurciano.es\/wp-content\/uploads\/2025\/07\/PHOTO-2024-09-24-14-42-56-9x12.jpg 9w\" sizes=\"(max-width: 1200px) 100vw, 1200px\" \/>\t<\/div><div class=\"qodef-e qodef-image-wrapper qodef-grid-item\">\n\t\t\t<img loading=\"lazy\" decoding=\"async\" width=\"1200\" height=\"1600\" src=\"https:\/\/jmurciano.es\/wp-content\/uploads\/2025\/07\/PHOTO-2024-09-24-14-42-57.jpg\" class=\"attachment-full size-full\" alt=\"\" srcset=\"https:\/\/jmurciano.es\/wp-content\/uploads\/2025\/07\/PHOTO-2024-09-24-14-42-57.jpg 1200w, https:\/\/jmurciano.es\/wp-content\/uploads\/2025\/07\/PHOTO-2024-09-24-14-42-57-225x300.jpg 225w, https:\/\/jmurciano.es\/wp-content\/uploads\/2025\/07\/PHOTO-2024-09-24-14-42-57-768x1024.jpg 768w, https:\/\/jmurciano.es\/wp-content\/uploads\/2025\/07\/PHOTO-2024-09-24-14-42-57-1152x1536.jpg 1152w, https:\/\/jmurciano.es\/wp-content\/uploads\/2025\/07\/PHOTO-2024-09-24-14-42-57-9x12.jpg 9w\" sizes=\"(max-width: 1200px) 100vw, 1200px\" \/>\t<\/div><div class=\"qodef-e qodef-image-wrapper qodef-grid-item\">\n\t\t\t<img loading=\"lazy\" decoding=\"async\" width=\"1536\" height=\"2048\" src=\"https:\/\/jmurciano.es\/wp-content\/uploads\/2025\/07\/PHOTO-2024-12-05-18-21-05.jpg\" class=\"attachment-full size-full\" alt=\"\" srcset=\"https:\/\/jmurciano.es\/wp-content\/uploads\/2025\/07\/PHOTO-2024-12-05-18-21-05.jpg 1536w, https:\/\/jmurciano.es\/wp-content\/uploads\/2025\/07\/PHOTO-2024-12-05-18-21-05-225x300.jpg 225w, https:\/\/jmurciano.es\/wp-content\/uploads\/2025\/07\/PHOTO-2024-12-05-18-21-05-768x1024.jpg 768w, https:\/\/jmurciano.es\/wp-content\/uploads\/2025\/07\/PHOTO-2024-12-05-18-21-05-1152x1536.jpg 1152w, https:\/\/jmurciano.es\/wp-content\/uploads\/2025\/07\/PHOTO-2024-12-05-18-21-05-9x12.jpg 9w\" sizes=\"(max-width: 1536px) 100vw, 1536px\" \/>\t<\/div>    <\/div>\n<\/div>\t\t\t\t<\/div>\n\t\t\t\t<\/div>\n\t\t\t\t\t<\/div>\n\t\t<\/div>\n\t\t\t\t\t<\/div>\n\t\t<\/section>\n\t\t\t\t<\/div>","protected":false},"excerpt":{"rendered":"<p>X La instalaci\u00f3n y desarrollo de bases de pintura es un proceso clave para proteger y mejorar la calidad de los materiales utilizados. Este procedimiento incluye la preparaci\u00f3n de superficies, aplicaci\u00f3n de recubrimientos base y la selecci\u00f3n de pinturas adecuadas para garantizar resistencia a la corrosi\u00f3n, aislamiento y durabilidad. El desarrollo de estas bases implica [&hellip;]<\/p>","protected":false},"author":1,"featured_media":0,"parent":0,"menu_order":0,"comment_status":"closed","ping_status":"closed","template":"page-full-width.php","meta":{"footnotes":""},"class_list":["post-7791","page","type-page","status-publish","hentry"],"yoast_head":"<!-- This site is optimized with the Yoast SEO plugin v24.7 - https:\/\/yoast.com\/wordpress\/plugins\/seo\/ -->\n<title>Instalacio\u0301n y Desarrollo de Bases de Pintura - J Murciano<\/title>\n<meta name=\"robots\" content=\"index, follow, max-snippet:-1, max-image-preview:large, max-video-preview:-1\" \/>\n<link rel=\"canonical\" href=\"https:\/\/jmurciano.es\/en\/instalacion-y-desarrollo-de-bases-de-pintura\/\" \/>\n<meta property=\"og:locale\" content=\"en_GB\" \/>\n<meta property=\"og:type\" content=\"article\" \/>\n<meta property=\"og:title\" content=\"Instalacio\u0301n y Desarrollo de Bases de Pintura - J Murciano\" \/>\n<meta property=\"og:description\" content=\"X La instalaci\u00f3n y desarrollo de bases de pintura es un proceso clave para proteger y mejorar la calidad de los materiales utilizados. Este procedimiento incluye la preparaci\u00f3n de superficies, aplicaci\u00f3n de recubrimientos base y la selecci\u00f3n de pinturas adecuadas para garantizar resistencia a la corrosi\u00f3n, aislamiento y durabilidad. El desarrollo de estas bases implica [&hellip;]\" \/>\n<meta property=\"og:url\" content=\"https:\/\/jmurciano.es\/en\/instalacion-y-desarrollo-de-bases-de-pintura\/\" \/>\n<meta property=\"og:site_name\" content=\"J Murciano\" \/>\n<meta property=\"article:modified_time\" content=\"2025-07-31T06:53:39+00:00\" \/>\n<meta property=\"og:image\" content=\"https:\/\/jmurciano.es\/wp-content\/uploads\/2025\/07\/PHOTO-2024-09-24-14-30-35.jpg\" \/>\n<meta name=\"twitter:card\" content=\"summary_large_image\" \/>\n<meta name=\"twitter:label1\" content=\"Estimated reading time\" \/>\n\t<meta name=\"twitter:data1\" content=\"2 minutes\" \/>\n<script type=\"application\/ld+json\" class=\"yoast-schema-graph\">{\"@context\":\"https:\/\/schema.org\",\"@graph\":[{\"@type\":\"WebPage\",\"@id\":\"https:\/\/jmurciano.es\/instalacion-y-desarrollo-de-bases-de-pintura\/\",\"url\":\"https:\/\/jmurciano.es\/instalacion-y-desarrollo-de-bases-de-pintura\/\",\"name\":\"Instalacio\u0301n y Desarrollo de Bases de Pintura - J Murciano\",\"isPartOf\":{\"@id\":\"https:\/\/jmurciano.es\/#website\"},\"primaryImageOfPage\":{\"@id\":\"https:\/\/jmurciano.es\/instalacion-y-desarrollo-de-bases-de-pintura\/#primaryimage\"},\"image\":{\"@id\":\"https:\/\/jmurciano.es\/instalacion-y-desarrollo-de-bases-de-pintura\/#primaryimage\"},\"thumbnailUrl\":\"https:\/\/jmurciano.es\/wp-content\/uploads\/2025\/07\/PHOTO-2024-09-24-14-30-35.jpg\",\"datePublished\":\"2025-07-31T06:49:01+00:00\",\"dateModified\":\"2025-07-31T06:53:39+00:00\",\"breadcrumb\":{\"@id\":\"https:\/\/jmurciano.es\/instalacion-y-desarrollo-de-bases-de-pintura\/#breadcrumb\"},\"inLanguage\":\"en-GB\",\"potentialAction\":[{\"@type\":\"ReadAction\",\"target\":[\"https:\/\/jmurciano.es\/instalacion-y-desarrollo-de-bases-de-pintura\/\"]}]},{\"@type\":\"ImageObject\",\"inLanguage\":\"en-GB\",\"@id\":\"https:\/\/jmurciano.es\/instalacion-y-desarrollo-de-bases-de-pintura\/#primaryimage\",\"url\":\"https:\/\/jmurciano.es\/wp-content\/uploads\/2025\/07\/PHOTO-2024-09-24-14-30-35.jpg\",\"contentUrl\":\"https:\/\/jmurciano.es\/wp-content\/uploads\/2025\/07\/PHOTO-2024-09-24-14-30-35.jpg\"},{\"@type\":\"BreadcrumbList\",\"@id\":\"https:\/\/jmurciano.es\/instalacion-y-desarrollo-de-bases-de-pintura\/#breadcrumb\",\"itemListElement\":[{\"@type\":\"ListItem\",\"position\":1,\"name\":\"Portada\",\"item\":\"https:\/\/jmurciano.es\/\"},{\"@type\":\"ListItem\",\"position\":2,\"name\":\"Instalacio\u0301n y Desarrollo de Bases de Pintura\"}]},{\"@type\":\"WebSite\",\"@id\":\"https:\/\/jmurciano.es\/#website\",\"url\":\"https:\/\/jmurciano.es\/\",\"name\":\"J Murciano\",\"description\":\"\",\"potentialAction\":[{\"@type\":\"SearchAction\",\"target\":{\"@type\":\"EntryPoint\",\"urlTemplate\":\"https:\/\/jmurciano.es\/?s={search_term_string}\"},\"query-input\":{\"@type\":\"PropertyValueSpecification\",\"valueRequired\":true,\"valueName\":\"search_term_string\"}}],\"inLanguage\":\"en-GB\"}]}<\/script>\n<!-- \/ Yoast SEO plugin. -->","yoast_head_json":{"title":"Instalacio\u0301n y Desarrollo de Bases de Pintura - J Murciano","robots":{"index":"index","follow":"follow","max-snippet":"max-snippet:-1","max-image-preview":"max-image-preview:large","max-video-preview":"max-video-preview:-1"},"canonical":"https:\/\/jmurciano.es\/en\/instalacion-y-desarrollo-de-bases-de-pintura\/","og_locale":"en_GB","og_type":"article","og_title":"Instalacio\u0301n y Desarrollo de Bases de Pintura - J Murciano","og_description":"X La instalaci\u00f3n y desarrollo de bases de pintura es un proceso clave para proteger y mejorar la calidad de los materiales utilizados. Este procedimiento incluye la preparaci\u00f3n de superficies, aplicaci\u00f3n de recubrimientos base y la selecci\u00f3n de pinturas adecuadas para garantizar resistencia a la corrosi\u00f3n, aislamiento y durabilidad. El desarrollo de estas bases implica [&hellip;]","og_url":"https:\/\/jmurciano.es\/en\/instalacion-y-desarrollo-de-bases-de-pintura\/","og_site_name":"J Murciano","article_modified_time":"2025-07-31T06:53:39+00:00","og_image":[{"url":"https:\/\/jmurciano.es\/wp-content\/uploads\/2025\/07\/PHOTO-2024-09-24-14-30-35.jpg","type":"","width":"","height":""}],"twitter_card":"summary_large_image","twitter_misc":{"Estimated reading time":"2 minutes"},"schema":{"@context":"https:\/\/schema.org","@graph":[{"@type":"WebPage","@id":"https:\/\/jmurciano.es\/instalacion-y-desarrollo-de-bases-de-pintura\/","url":"https:\/\/jmurciano.es\/instalacion-y-desarrollo-de-bases-de-pintura\/","name":"Instalacio\u0301n y Desarrollo de Bases de Pintura - J Murciano","isPartOf":{"@id":"https:\/\/jmurciano.es\/#website"},"primaryImageOfPage":{"@id":"https:\/\/jmurciano.es\/instalacion-y-desarrollo-de-bases-de-pintura\/#primaryimage"},"image":{"@id":"https:\/\/jmurciano.es\/instalacion-y-desarrollo-de-bases-de-pintura\/#primaryimage"},"thumbnailUrl":"https:\/\/jmurciano.es\/wp-content\/uploads\/2025\/07\/PHOTO-2024-09-24-14-30-35.jpg","datePublished":"2025-07-31T06:49:01+00:00","dateModified":"2025-07-31T06:53:39+00:00","breadcrumb":{"@id":"https:\/\/jmurciano.es\/instalacion-y-desarrollo-de-bases-de-pintura\/#breadcrumb"},"inLanguage":"en-GB","potentialAction":[{"@type":"ReadAction","target":["https:\/\/jmurciano.es\/instalacion-y-desarrollo-de-bases-de-pintura\/"]}]},{"@type":"ImageObject","inLanguage":"en-GB","@id":"https:\/\/jmurciano.es\/instalacion-y-desarrollo-de-bases-de-pintura\/#primaryimage","url":"https:\/\/jmurciano.es\/wp-content\/uploads\/2025\/07\/PHOTO-2024-09-24-14-30-35.jpg","contentUrl":"https:\/\/jmurciano.es\/wp-content\/uploads\/2025\/07\/PHOTO-2024-09-24-14-30-35.jpg"},{"@type":"BreadcrumbList","@id":"https:\/\/jmurciano.es\/instalacion-y-desarrollo-de-bases-de-pintura\/#breadcrumb","itemListElement":[{"@type":"ListItem","position":1,"name":"Portada","item":"https:\/\/jmurciano.es\/"},{"@type":"ListItem","position":2,"name":"Instalacio\u0301n y Desarrollo de Bases de Pintura"}]},{"@type":"WebSite","@id":"https:\/\/jmurciano.es\/#website","url":"https:\/\/jmurciano.es\/","name":"J Murciano","description":"","potentialAction":[{"@type":"SearchAction","target":{"@type":"EntryPoint","urlTemplate":"https:\/\/jmurciano.es\/?s={search_term_string}"},"query-input":{"@type":"PropertyValueSpecification","valueRequired":true,"valueName":"search_term_string"}}],"inLanguage":"en-GB"}]}},"_links":{"self":[{"href":"https:\/\/jmurciano.es\/en\/wp-json\/wp\/v2\/pages\/7791","targetHints":{"allow":["GET"]}}],"collection":[{"href":"https:\/\/jmurciano.es\/en\/wp-json\/wp\/v2\/pages"}],"about":[{"href":"https:\/\/jmurciano.es\/en\/wp-json\/wp\/v2\/types\/page"}],"author":[{"embeddable":true,"href":"https:\/\/jmurciano.es\/en\/wp-json\/wp\/v2\/users\/1"}],"replies":[{"embeddable":true,"href":"https:\/\/jmurciano.es\/en\/wp-json\/wp\/v2\/comments?post=7791"}],"version-history":[{"count":9,"href":"https:\/\/jmurciano.es\/en\/wp-json\/wp\/v2\/pages\/7791\/revisions"}],"predecessor-version":[{"id":7807,"href":"https:\/\/jmurciano.es\/en\/wp-json\/wp\/v2\/pages\/7791\/revisions\/7807"}],"wp:attachment":[{"href":"https:\/\/jmurciano.es\/en\/wp-json\/wp\/v2\/media?parent=7791"}],"curies":[{"name":"wp","href":"https:\/\/api.w.org\/{rel}","templated":true}]}}