{"id":7811,"date":"2025-07-31T06:58:43","date_gmt":"2025-07-31T06:58:43","guid":{"rendered":"https:\/\/jmurciano.es\/?page_id=7811"},"modified":"2025-07-31T07:08:00","modified_gmt":"2025-07-31T07:08:00","slug":"instalacion-de-trasiego-y-estocaje-de-liquidos","status":"publish","type":"page","link":"https:\/\/jmurciano.es\/en\/instalacion-de-trasiego-y-estocaje-de-liquidos\/","title":{"rendered":"Instalacio\u0301n de Trasiego y Estocaje de Li\u0301quidos"},"content":{"rendered":"<div data-elementor-type=\"wp-page\" data-elementor-id=\"7811\" class=\"elementor elementor-7811\" data-elementor-post-type=\"page\">\n\t\t\t\t\t\t<section class=\"elementor-section elementor-top-section elementor-element elementor-element-041d997 elementor-section-stretched elementor-section-boxed elementor-section-height-default elementor-section-height-default qodef-elementor-content-no\" data-id=\"041d997\" data-element_type=\"section\" data-settings=\"{&quot;stretch_section&quot;:&quot;section-stretched&quot;}\">\n\t\t\t\t\t\t<div class=\"elementor-container elementor-column-gap-default\">\n\t\t\t\t\t<div class=\"elementor-column elementor-col-100 elementor-top-column elementor-element elementor-element-477c01e\" data-id=\"477c01e\" data-element_type=\"column\">\n\t\t\t<div class=\"elementor-widget-wrap elementor-element-populated\">\n\t\t\t\t\t\t<div class=\"elementor-element elementor-element-c9abe11 elementor-widget elementor-widget-heading\" data-id=\"c9abe11\" data-element_type=\"widget\" data-widget_type=\"heading.default\">\n\t\t\t\t<div class=\"elementor-widget-container\">\n\t\t\t\t\t<h2 class=\"elementor-heading-title elementor-size-default\"><a href=\"https:\/\/jmurciano.es\/en\/proyectos-instalaciones-electricas-jmuricano\/\">X<\/a><\/h2>\t\t\t\t<\/div>\n\t\t\t\t<\/div>\n\t\t\t\t\t<\/div>\n\t\t<\/div>\n\t\t\t\t\t<\/div>\n\t\t<\/section>\n\t\t\t\t<section class=\"elementor-section elementor-top-section elementor-element elementor-element-80c8dd9 elementor-section-height-min-height elementor-section-items-top elementor-section-boxed elementor-section-height-default qodef-elementor-content-no\" data-id=\"80c8dd9\" data-element_type=\"section\">\n\t\t\t\t\t\t<div class=\"elementor-container elementor-column-gap-default\">\n\t\t\t\t\t<div class=\"elementor-column elementor-col-100 elementor-top-column elementor-element elementor-element-f8e5aa6\" data-id=\"f8e5aa6\" data-element_type=\"column\">\n\t\t\t<div class=\"elementor-widget-wrap elementor-element-populated\">\n\t\t\t\t\t\t<div class=\"elementor-element elementor-element-98caf7e elementor-widget elementor-widget-text-editor\" data-id=\"98caf7e\" data-element_type=\"widget\" data-widget_type=\"text-editor.default\">\n\t\t\t\t<div class=\"elementor-widget-container\">\n\t\t\t\t\t\t\t\t\t<p>La instalaci\u00f3n de sistemas de trasiego y estocaje de l\u00edquidos es fundamental para el almacenamiento y transferencia segura de sustancias en entornos industriales. Este proceso incluye la selecci\u00f3n de tanques, tuber\u00edas, bombas y sistemas de control adecuados para garantizar la manipulaci\u00f3n eficiente y segura de los l\u00edquidos.<\/p><p>El dise\u00f1o debe cumplir con normativas de seguridad y medioambiente, evitando fugas y contaminaciones. Una instalaci\u00f3n bien planificada optimiza el flujo de trabajo, reduce riesgos operativos y garantiza la preservaci\u00f3n de los l\u00edquidos almacenados, asegurando su calidad y disponibilidad cuando sea necesario.<\/p>\t\t\t\t\t\t\t\t<\/div>\n\t\t\t\t<\/div>\n\t\t\t\t<div class=\"elementor-element elementor-element-a9931f3 elementor-widget elementor-widget-stal_core_image_gallery\" data-id=\"a9931f3\" data-element_type=\"widget\" data-widget_type=\"stal_core_image_gallery.default\">\n\t\t\t\t<div class=\"elementor-widget-container\">\n\t\t\t\t\t<div class=\"qodef-shortcode qodef-m  qodef-image-gallery  qodef-grid qodef-layout--columns  qodef-gutter--normal qodef-col-num--2  qodef-responsive--predefined\">\n    <div class=\"qodef-grid-inner clear\">\n\t\t<div class=\"qodef-e qodef-image-wrapper qodef-grid-item\">\n\t\t\t<img fetchpriority=\"high\" decoding=\"async\" width=\"1600\" height=\"1200\" src=\"https:\/\/jmurciano.es\/wp-content\/uploads\/2025\/07\/WhatsApp-Image-2025-02-01-at-12.56.31-2.jpeg\" class=\"attachment-full size-full\" alt=\"\" srcset=\"https:\/\/jmurciano.es\/wp-content\/uploads\/2025\/07\/WhatsApp-Image-2025-02-01-at-12.56.31-2.jpeg 1600w, https:\/\/jmurciano.es\/wp-content\/uploads\/2025\/07\/WhatsApp-Image-2025-02-01-at-12.56.31-2-300x225.jpeg 300w, https:\/\/jmurciano.es\/wp-content\/uploads\/2025\/07\/WhatsApp-Image-2025-02-01-at-12.56.31-2-1024x768.jpeg 1024w, https:\/\/jmurciano.es\/wp-content\/uploads\/2025\/07\/WhatsApp-Image-2025-02-01-at-12.56.31-2-768x576.jpeg 768w, https:\/\/jmurciano.es\/wp-content\/uploads\/2025\/07\/WhatsApp-Image-2025-02-01-at-12.56.31-2-1536x1152.jpeg 1536w, https:\/\/jmurciano.es\/wp-content\/uploads\/2025\/07\/WhatsApp-Image-2025-02-01-at-12.56.31-2-16x12.jpeg 16w\" sizes=\"(max-width: 1600px) 100vw, 1600px\" \/>\t<\/div><div class=\"qodef-e qodef-image-wrapper qodef-grid-item\">\n\t\t\t<img decoding=\"async\" width=\"1600\" height=\"1200\" src=\"https:\/\/jmurciano.es\/wp-content\/uploads\/2025\/07\/WhatsApp-Image-2025-02-01-at-12.56.31-3.jpeg\" class=\"attachment-full size-full\" alt=\"\" srcset=\"https:\/\/jmurciano.es\/wp-content\/uploads\/2025\/07\/WhatsApp-Image-2025-02-01-at-12.56.31-3.jpeg 1600w, https:\/\/jmurciano.es\/wp-content\/uploads\/2025\/07\/WhatsApp-Image-2025-02-01-at-12.56.31-3-300x225.jpeg 300w, https:\/\/jmurciano.es\/wp-content\/uploads\/2025\/07\/WhatsApp-Image-2025-02-01-at-12.56.31-3-1024x768.jpeg 1024w, https:\/\/jmurciano.es\/wp-content\/uploads\/2025\/07\/WhatsApp-Image-2025-02-01-at-12.56.31-3-768x576.jpeg 768w, https:\/\/jmurciano.es\/wp-content\/uploads\/2025\/07\/WhatsApp-Image-2025-02-01-at-12.56.31-3-1536x1152.jpeg 1536w, https:\/\/jmurciano.es\/wp-content\/uploads\/2025\/07\/WhatsApp-Image-2025-02-01-at-12.56.31-3-16x12.jpeg 16w\" sizes=\"(max-width: 1600px) 100vw, 1600px\" \/>\t<\/div><div class=\"qodef-e qodef-image-wrapper qodef-grid-item\">\n\t\t\t<img decoding=\"async\" width=\"1200\" height=\"1600\" src=\"https:\/\/jmurciano.es\/wp-content\/uploads\/2025\/07\/WhatsApp-Image-2025-02-01-at-12.56.31-4.jpeg\" class=\"attachment-full size-full\" alt=\"\" srcset=\"https:\/\/jmurciano.es\/wp-content\/uploads\/2025\/07\/WhatsApp-Image-2025-02-01-at-12.56.31-4.jpeg 1200w, https:\/\/jmurciano.es\/wp-content\/uploads\/2025\/07\/WhatsApp-Image-2025-02-01-at-12.56.31-4-225x300.jpeg 225w, https:\/\/jmurciano.es\/wp-content\/uploads\/2025\/07\/WhatsApp-Image-2025-02-01-at-12.56.31-4-768x1024.jpeg 768w, https:\/\/jmurciano.es\/wp-content\/uploads\/2025\/07\/WhatsApp-Image-2025-02-01-at-12.56.31-4-1152x1536.jpeg 1152w, https:\/\/jmurciano.es\/wp-content\/uploads\/2025\/07\/WhatsApp-Image-2025-02-01-at-12.56.31-4-9x12.jpeg 9w\" sizes=\"(max-width: 1200px) 100vw, 1200px\" \/>\t<\/div><div class=\"qodef-e qodef-image-wrapper qodef-grid-item\">\n\t\t\t<img loading=\"lazy\" decoding=\"async\" width=\"1600\" height=\"1200\" src=\"https:\/\/jmurciano.es\/wp-content\/uploads\/2025\/07\/WhatsApp-Image-2025-02-01-at-12.56.32.jpeg\" class=\"attachment-full size-full\" alt=\"\" srcset=\"https:\/\/jmurciano.es\/wp-content\/uploads\/2025\/07\/WhatsApp-Image-2025-02-01-at-12.56.32.jpeg 1600w, https:\/\/jmurciano.es\/wp-content\/uploads\/2025\/07\/WhatsApp-Image-2025-02-01-at-12.56.32-300x225.jpeg 300w, https:\/\/jmurciano.es\/wp-content\/uploads\/2025\/07\/WhatsApp-Image-2025-02-01-at-12.56.32-1024x768.jpeg 1024w, https:\/\/jmurciano.es\/wp-content\/uploads\/2025\/07\/WhatsApp-Image-2025-02-01-at-12.56.32-768x576.jpeg 768w, https:\/\/jmurciano.es\/wp-content\/uploads\/2025\/07\/WhatsApp-Image-2025-02-01-at-12.56.32-1536x1152.jpeg 1536w, https:\/\/jmurciano.es\/wp-content\/uploads\/2025\/07\/WhatsApp-Image-2025-02-01-at-12.56.32-16x12.jpeg 16w\" sizes=\"(max-width: 1600px) 100vw, 1600px\" \/>\t<\/div><div class=\"qodef-e qodef-image-wrapper qodef-grid-item\">\n\t\t\t<img loading=\"lazy\" decoding=\"async\" width=\"1600\" height=\"1200\" src=\"https:\/\/jmurciano.es\/wp-content\/uploads\/2025\/07\/WhatsApp-Image-2025-02-01-at-12.56.31-5.jpeg\" class=\"attachment-full size-full\" alt=\"\" srcset=\"https:\/\/jmurciano.es\/wp-content\/uploads\/2025\/07\/WhatsApp-Image-2025-02-01-at-12.56.31-5.jpeg 1600w, https:\/\/jmurciano.es\/wp-content\/uploads\/2025\/07\/WhatsApp-Image-2025-02-01-at-12.56.31-5-300x225.jpeg 300w, https:\/\/jmurciano.es\/wp-content\/uploads\/2025\/07\/WhatsApp-Image-2025-02-01-at-12.56.31-5-1024x768.jpeg 1024w, https:\/\/jmurciano.es\/wp-content\/uploads\/2025\/07\/WhatsApp-Image-2025-02-01-at-12.56.31-5-768x576.jpeg 768w, https:\/\/jmurciano.es\/wp-content\/uploads\/2025\/07\/WhatsApp-Image-2025-02-01-at-12.56.31-5-1536x1152.jpeg 1536w, https:\/\/jmurciano.es\/wp-content\/uploads\/2025\/07\/WhatsApp-Image-2025-02-01-at-12.56.31-5-16x12.jpeg 16w\" sizes=\"(max-width: 1600px) 100vw, 1600px\" \/>\t<\/div>    <\/div>\n<\/div>\t\t\t\t<\/div>\n\t\t\t\t<\/div>\n\t\t\t\t\t<\/div>\n\t\t<\/div>\n\t\t\t\t\t<\/div>\n\t\t<\/section>\n\t\t\t\t<\/div>","protected":false},"excerpt":{"rendered":"<p>X La instalaci\u00f3n de sistemas de trasiego y estocaje de l\u00edquidos es fundamental para el almacenamiento y transferencia segura de sustancias en entornos industriales. Este proceso incluye la selecci\u00f3n de tanques, tuber\u00edas, bombas y sistemas de control adecuados para garantizar la manipulaci\u00f3n eficiente y segura de los l\u00edquidos. El dise\u00f1o debe cumplir con normativas de [&hellip;]<\/p>","protected":false},"author":1,"featured_media":0,"parent":0,"menu_order":0,"comment_status":"closed","ping_status":"closed","template":"page-full-width.php","meta":{"footnotes":""},"class_list":["post-7811","page","type-page","status-publish","hentry"],"yoast_head":"<!-- This site is optimized with the Yoast SEO plugin v24.7 - https:\/\/yoast.com\/wordpress\/plugins\/seo\/ -->\n<title>Instalacio\u0301n de Trasiego y Estocaje de Li\u0301quidos - J Murciano<\/title>\n<meta name=\"robots\" content=\"index, follow, max-snippet:-1, max-image-preview:large, max-video-preview:-1\" \/>\n<link rel=\"canonical\" href=\"https:\/\/jmurciano.es\/en\/instalacion-de-trasiego-y-estocaje-de-liquidos\/\" \/>\n<meta property=\"og:locale\" content=\"en_GB\" \/>\n<meta property=\"og:type\" content=\"article\" \/>\n<meta property=\"og:title\" content=\"Instalacio\u0301n de Trasiego y Estocaje de Li\u0301quidos - J Murciano\" \/>\n<meta property=\"og:description\" content=\"X La instalaci\u00f3n de sistemas de trasiego y estocaje de l\u00edquidos es fundamental para el almacenamiento y transferencia segura de sustancias en entornos industriales. Este proceso incluye la selecci\u00f3n de tanques, tuber\u00edas, bombas y sistemas de control adecuados para garantizar la manipulaci\u00f3n eficiente y segura de los l\u00edquidos. El dise\u00f1o debe cumplir con normativas de [&hellip;]\" \/>\n<meta property=\"og:url\" content=\"https:\/\/jmurciano.es\/en\/instalacion-de-trasiego-y-estocaje-de-liquidos\/\" \/>\n<meta property=\"og:site_name\" content=\"J Murciano\" \/>\n<meta property=\"article:modified_time\" content=\"2025-07-31T07:08:00+00:00\" \/>\n<meta property=\"og:image\" content=\"https:\/\/jmurciano.es\/wp-content\/uploads\/2025\/07\/WhatsApp-Image-2025-02-01-at-12.56.31-2.jpeg\" \/>\n<meta name=\"twitter:card\" content=\"summary_large_image\" \/>\n<meta name=\"twitter:label1\" content=\"Estimated reading time\" \/>\n\t<meta name=\"twitter:data1\" content=\"2 minutes\" \/>\n<script type=\"application\/ld+json\" class=\"yoast-schema-graph\">{\"@context\":\"https:\/\/schema.org\",\"@graph\":[{\"@type\":\"WebPage\",\"@id\":\"https:\/\/jmurciano.es\/instalacion-de-trasiego-y-estocaje-de-liquidos\/\",\"url\":\"https:\/\/jmurciano.es\/instalacion-de-trasiego-y-estocaje-de-liquidos\/\",\"name\":\"Instalacio\u0301n de Trasiego y Estocaje de Li\u0301quidos - J Murciano\",\"isPartOf\":{\"@id\":\"https:\/\/jmurciano.es\/#website\"},\"primaryImageOfPage\":{\"@id\":\"https:\/\/jmurciano.es\/instalacion-de-trasiego-y-estocaje-de-liquidos\/#primaryimage\"},\"image\":{\"@id\":\"https:\/\/jmurciano.es\/instalacion-de-trasiego-y-estocaje-de-liquidos\/#primaryimage\"},\"thumbnailUrl\":\"https:\/\/jmurciano.es\/wp-content\/uploads\/2025\/07\/WhatsApp-Image-2025-02-01-at-12.56.31-2.jpeg\",\"datePublished\":\"2025-07-31T06:58:43+00:00\",\"dateModified\":\"2025-07-31T07:08:00+00:00\",\"breadcrumb\":{\"@id\":\"https:\/\/jmurciano.es\/instalacion-de-trasiego-y-estocaje-de-liquidos\/#breadcrumb\"},\"inLanguage\":\"en-GB\",\"potentialAction\":[{\"@type\":\"ReadAction\",\"target\":[\"https:\/\/jmurciano.es\/instalacion-de-trasiego-y-estocaje-de-liquidos\/\"]}]},{\"@type\":\"ImageObject\",\"inLanguage\":\"en-GB\",\"@id\":\"https:\/\/jmurciano.es\/instalacion-de-trasiego-y-estocaje-de-liquidos\/#primaryimage\",\"url\":\"https:\/\/jmurciano.es\/wp-content\/uploads\/2025\/07\/WhatsApp-Image-2025-02-01-at-12.56.31-2.jpeg\",\"contentUrl\":\"https:\/\/jmurciano.es\/wp-content\/uploads\/2025\/07\/WhatsApp-Image-2025-02-01-at-12.56.31-2.jpeg\"},{\"@type\":\"BreadcrumbList\",\"@id\":\"https:\/\/jmurciano.es\/instalacion-de-trasiego-y-estocaje-de-liquidos\/#breadcrumb\",\"itemListElement\":[{\"@type\":\"ListItem\",\"position\":1,\"name\":\"Portada\",\"item\":\"https:\/\/jmurciano.es\/\"},{\"@type\":\"ListItem\",\"position\":2,\"name\":\"Instalacio\u0301n de Trasiego y Estocaje de Li\u0301quidos\"}]},{\"@type\":\"WebSite\",\"@id\":\"https:\/\/jmurciano.es\/#website\",\"url\":\"https:\/\/jmurciano.es\/\",\"name\":\"J Murciano\",\"description\":\"\",\"potentialAction\":[{\"@type\":\"SearchAction\",\"target\":{\"@type\":\"EntryPoint\",\"urlTemplate\":\"https:\/\/jmurciano.es\/?s={search_term_string}\"},\"query-input\":{\"@type\":\"PropertyValueSpecification\",\"valueRequired\":true,\"valueName\":\"search_term_string\"}}],\"inLanguage\":\"en-GB\"}]}<\/script>\n<!-- \/ Yoast SEO plugin. -->","yoast_head_json":{"title":"Instalacio\u0301n de Trasiego y Estocaje de Li\u0301quidos - J Murciano","robots":{"index":"index","follow":"follow","max-snippet":"max-snippet:-1","max-image-preview":"max-image-preview:large","max-video-preview":"max-video-preview:-1"},"canonical":"https:\/\/jmurciano.es\/en\/instalacion-de-trasiego-y-estocaje-de-liquidos\/","og_locale":"en_GB","og_type":"article","og_title":"Instalacio\u0301n de Trasiego y Estocaje de Li\u0301quidos - J Murciano","og_description":"X La instalaci\u00f3n de sistemas de trasiego y estocaje de l\u00edquidos es fundamental para el almacenamiento y transferencia segura de sustancias en entornos industriales. Este proceso incluye la selecci\u00f3n de tanques, tuber\u00edas, bombas y sistemas de control adecuados para garantizar la manipulaci\u00f3n eficiente y segura de los l\u00edquidos. El dise\u00f1o debe cumplir con normativas de [&hellip;]","og_url":"https:\/\/jmurciano.es\/en\/instalacion-de-trasiego-y-estocaje-de-liquidos\/","og_site_name":"J Murciano","article_modified_time":"2025-07-31T07:08:00+00:00","og_image":[{"url":"https:\/\/jmurciano.es\/wp-content\/uploads\/2025\/07\/WhatsApp-Image-2025-02-01-at-12.56.31-2.jpeg","type":"","width":"","height":""}],"twitter_card":"summary_large_image","twitter_misc":{"Estimated reading time":"2 minutes"},"schema":{"@context":"https:\/\/schema.org","@graph":[{"@type":"WebPage","@id":"https:\/\/jmurciano.es\/instalacion-de-trasiego-y-estocaje-de-liquidos\/","url":"https:\/\/jmurciano.es\/instalacion-de-trasiego-y-estocaje-de-liquidos\/","name":"Instalacio\u0301n de Trasiego y Estocaje de Li\u0301quidos - J Murciano","isPartOf":{"@id":"https:\/\/jmurciano.es\/#website"},"primaryImageOfPage":{"@id":"https:\/\/jmurciano.es\/instalacion-de-trasiego-y-estocaje-de-liquidos\/#primaryimage"},"image":{"@id":"https:\/\/jmurciano.es\/instalacion-de-trasiego-y-estocaje-de-liquidos\/#primaryimage"},"thumbnailUrl":"https:\/\/jmurciano.es\/wp-content\/uploads\/2025\/07\/WhatsApp-Image-2025-02-01-at-12.56.31-2.jpeg","datePublished":"2025-07-31T06:58:43+00:00","dateModified":"2025-07-31T07:08:00+00:00","breadcrumb":{"@id":"https:\/\/jmurciano.es\/instalacion-de-trasiego-y-estocaje-de-liquidos\/#breadcrumb"},"inLanguage":"en-GB","potentialAction":[{"@type":"ReadAction","target":["https:\/\/jmurciano.es\/instalacion-de-trasiego-y-estocaje-de-liquidos\/"]}]},{"@type":"ImageObject","inLanguage":"en-GB","@id":"https:\/\/jmurciano.es\/instalacion-de-trasiego-y-estocaje-de-liquidos\/#primaryimage","url":"https:\/\/jmurciano.es\/wp-content\/uploads\/2025\/07\/WhatsApp-Image-2025-02-01-at-12.56.31-2.jpeg","contentUrl":"https:\/\/jmurciano.es\/wp-content\/uploads\/2025\/07\/WhatsApp-Image-2025-02-01-at-12.56.31-2.jpeg"},{"@type":"BreadcrumbList","@id":"https:\/\/jmurciano.es\/instalacion-de-trasiego-y-estocaje-de-liquidos\/#breadcrumb","itemListElement":[{"@type":"ListItem","position":1,"name":"Portada","item":"https:\/\/jmurciano.es\/"},{"@type":"ListItem","position":2,"name":"Instalacio\u0301n de Trasiego y Estocaje de Li\u0301quidos"}]},{"@type":"WebSite","@id":"https:\/\/jmurciano.es\/#website","url":"https:\/\/jmurciano.es\/","name":"J Murciano","description":"","potentialAction":[{"@type":"SearchAction","target":{"@type":"EntryPoint","urlTemplate":"https:\/\/jmurciano.es\/?s={search_term_string}"},"query-input":{"@type":"PropertyValueSpecification","valueRequired":true,"valueName":"search_term_string"}}],"inLanguage":"en-GB"}]}},"_links":{"self":[{"href":"https:\/\/jmurciano.es\/en\/wp-json\/wp\/v2\/pages\/7811","targetHints":{"allow":["GET"]}}],"collection":[{"href":"https:\/\/jmurciano.es\/en\/wp-json\/wp\/v2\/pages"}],"about":[{"href":"https:\/\/jmurciano.es\/en\/wp-json\/wp\/v2\/types\/page"}],"author":[{"embeddable":true,"href":"https:\/\/jmurciano.es\/en\/wp-json\/wp\/v2\/users\/1"}],"replies":[{"embeddable":true,"href":"https:\/\/jmurciano.es\/en\/wp-json\/wp\/v2\/comments?post=7811"}],"version-history":[{"count":6,"href":"https:\/\/jmurciano.es\/en\/wp-json\/wp\/v2\/pages\/7811\/revisions"}],"predecessor-version":[{"id":7829,"href":"https:\/\/jmurciano.es\/en\/wp-json\/wp\/v2\/pages\/7811\/revisions\/7829"}],"wp:attachment":[{"href":"https:\/\/jmurciano.es\/en\/wp-json\/wp\/v2\/media?parent=7811"}],"curies":[{"name":"wp","href":"https:\/\/api.w.org\/{rel}","templated":true}]}}