{"id":7830,"date":"2025-07-31T07:08:19","date_gmt":"2025-07-31T07:08:19","guid":{"rendered":"https:\/\/jmurciano.es\/?page_id=7830"},"modified":"2025-07-31T07:13:22","modified_gmt":"2025-07-31T07:13:22","slug":"instalacion-en-construccion-de-proceso-fermentacion-reaccion-y-estocaje-de-fertilizante","status":"publish","type":"page","link":"https:\/\/jmurciano.es\/en\/instalacion-en-construccion-de-proceso-fermentacion-reaccion-y-estocaje-de-fertilizante\/","title":{"rendered":"Instalacio\u0301n en Construccio\u0301n de Proceso, Fermentacio\u0301n, Reaccio\u0301n y Estocaje de Fertilizante"},"content":{"rendered":"<div data-elementor-type=\"wp-page\" data-elementor-id=\"7830\" class=\"elementor elementor-7830\" data-elementor-post-type=\"page\">\n\t\t\t\t\t\t<section class=\"elementor-section elementor-top-section elementor-element elementor-element-041d997 elementor-section-stretched elementor-section-boxed elementor-section-height-default elementor-section-height-default qodef-elementor-content-no\" data-id=\"041d997\" data-element_type=\"section\" data-settings=\"{&quot;stretch_section&quot;:&quot;section-stretched&quot;}\">\n\t\t\t\t\t\t<div class=\"elementor-container elementor-column-gap-default\">\n\t\t\t\t\t<div class=\"elementor-column elementor-col-100 elementor-top-column elementor-element elementor-element-477c01e\" data-id=\"477c01e\" data-element_type=\"column\">\n\t\t\t<div class=\"elementor-widget-wrap elementor-element-populated\">\n\t\t\t\t\t\t<div class=\"elementor-element elementor-element-c9abe11 elementor-widget elementor-widget-heading\" data-id=\"c9abe11\" data-element_type=\"widget\" data-widget_type=\"heading.default\">\n\t\t\t\t<div class=\"elementor-widget-container\">\n\t\t\t\t\t<h2 class=\"elementor-heading-title elementor-size-default\"><a href=\"https:\/\/jmurciano.es\/en\/proyectos-instalaciones-electricas-jmuricano\/\">X<\/a><\/h2>\t\t\t\t<\/div>\n\t\t\t\t<\/div>\n\t\t\t\t\t<\/div>\n\t\t<\/div>\n\t\t\t\t\t<\/div>\n\t\t<\/section>\n\t\t\t\t<section class=\"elementor-section elementor-top-section elementor-element elementor-element-80c8dd9 elementor-section-height-min-height elementor-section-items-top elementor-section-boxed elementor-section-height-default qodef-elementor-content-no\" data-id=\"80c8dd9\" data-element_type=\"section\">\n\t\t\t\t\t\t<div class=\"elementor-container elementor-column-gap-default\">\n\t\t\t\t\t<div class=\"elementor-column elementor-col-100 elementor-top-column elementor-element elementor-element-f8e5aa6\" data-id=\"f8e5aa6\" data-element_type=\"column\">\n\t\t\t<div class=\"elementor-widget-wrap elementor-element-populated\">\n\t\t\t\t\t\t<div class=\"elementor-element elementor-element-98caf7e elementor-widget elementor-widget-text-editor\" data-id=\"98caf7e\" data-element_type=\"widget\" data-widget_type=\"text-editor.default\">\n\t\t\t\t<div class=\"elementor-widget-container\">\n\t\t\t\t\t\t\t\t\t<p>La instalaci\u00f3n de sistemas para procesos de fermentaci\u00f3n, reacci\u00f3n y estocaje de fertilizantes es clave en la producci\u00f3n industrial de insumos agr\u00edcolas. Este proceso incluye el dise\u00f1o y montaje de equipos para la transformaci\u00f3n de materias primas, control de condiciones \u00f3ptimas para la fermentaci\u00f3n y reacci\u00f3n qu\u00edmica, as\u00ed como la implementaci\u00f3n de dep\u00f3sitos seguros para el almacenamiento del producto final.<\/p><p>El sistema debe cumplir con normativas ambientales y de seguridad para evitar contaminaciones y garantizar la eficiencia operativa. Una instalaci\u00f3n bien dise\u00f1ada optimiza la producci\u00f3n, mejora la calidad del fertilizante y garantiza su correcta conservaci\u00f3n hasta su distribuci\u00f3n<\/p>\t\t\t\t\t\t\t\t<\/div>\n\t\t\t\t<\/div>\n\t\t\t\t<div class=\"elementor-element elementor-element-a9931f3 elementor-widget elementor-widget-stal_core_image_gallery\" data-id=\"a9931f3\" data-element_type=\"widget\" data-widget_type=\"stal_core_image_gallery.default\">\n\t\t\t\t<div class=\"elementor-widget-container\">\n\t\t\t\t\t<div class=\"qodef-shortcode qodef-m  qodef-image-gallery  qodef-grid qodef-layout--columns  qodef-gutter--normal qodef-col-num--2  qodef-responsive--predefined\">\n    <div class=\"qodef-grid-inner clear\">\n\t\t<div class=\"qodef-e qodef-image-wrapper qodef-grid-item\">\n\t\t\t<img fetchpriority=\"high\" decoding=\"async\" width=\"1152\" height=\"2048\" src=\"https:\/\/jmurciano.es\/wp-content\/uploads\/2025\/07\/Instalacion-en-Construccion-de-Proceso-Fermentacion-Reaccion-y-Estocaje-de-Fertilizante-2025-01-28-at-12.59.53.jpeg\" class=\"attachment-full size-full\" alt=\"\" srcset=\"https:\/\/jmurciano.es\/wp-content\/uploads\/2025\/07\/Instalacion-en-Construccion-de-Proceso-Fermentacion-Reaccion-y-Estocaje-de-Fertilizante-2025-01-28-at-12.59.53.jpeg 1152w, https:\/\/jmurciano.es\/wp-content\/uploads\/2025\/07\/Instalacion-en-Construccion-de-Proceso-Fermentacion-Reaccion-y-Estocaje-de-Fertilizante-2025-01-28-at-12.59.53-169x300.jpeg 169w, https:\/\/jmurciano.es\/wp-content\/uploads\/2025\/07\/Instalacion-en-Construccion-de-Proceso-Fermentacion-Reaccion-y-Estocaje-de-Fertilizante-2025-01-28-at-12.59.53-576x1024.jpeg 576w, https:\/\/jmurciano.es\/wp-content\/uploads\/2025\/07\/Instalacion-en-Construccion-de-Proceso-Fermentacion-Reaccion-y-Estocaje-de-Fertilizante-2025-01-28-at-12.59.53-768x1365.jpeg 768w, https:\/\/jmurciano.es\/wp-content\/uploads\/2025\/07\/Instalacion-en-Construccion-de-Proceso-Fermentacion-Reaccion-y-Estocaje-de-Fertilizante-2025-01-28-at-12.59.53-864x1536.jpeg 864w, https:\/\/jmurciano.es\/wp-content\/uploads\/2025\/07\/Instalacion-en-Construccion-de-Proceso-Fermentacion-Reaccion-y-Estocaje-de-Fertilizante-2025-01-28-at-12.59.53-7x12.jpeg 7w\" sizes=\"(max-width: 1152px) 100vw, 1152px\" \/>\t<\/div><div class=\"qodef-e qodef-image-wrapper qodef-grid-item\">\n\t\t\t<img decoding=\"async\" width=\"1152\" height=\"2048\" src=\"https:\/\/jmurciano.es\/wp-content\/uploads\/2025\/07\/Instalacion-en-Construccion-de-Proceso-Fermentacion-Reaccion-y-Estocaje-de-Fertilizante-2025-01-28-at-13.00.39.jpeg\" class=\"attachment-full size-full\" alt=\"\" srcset=\"https:\/\/jmurciano.es\/wp-content\/uploads\/2025\/07\/Instalacion-en-Construccion-de-Proceso-Fermentacion-Reaccion-y-Estocaje-de-Fertilizante-2025-01-28-at-13.00.39.jpeg 1152w, https:\/\/jmurciano.es\/wp-content\/uploads\/2025\/07\/Instalacion-en-Construccion-de-Proceso-Fermentacion-Reaccion-y-Estocaje-de-Fertilizante-2025-01-28-at-13.00.39-169x300.jpeg 169w, https:\/\/jmurciano.es\/wp-content\/uploads\/2025\/07\/Instalacion-en-Construccion-de-Proceso-Fermentacion-Reaccion-y-Estocaje-de-Fertilizante-2025-01-28-at-13.00.39-576x1024.jpeg 576w, https:\/\/jmurciano.es\/wp-content\/uploads\/2025\/07\/Instalacion-en-Construccion-de-Proceso-Fermentacion-Reaccion-y-Estocaje-de-Fertilizante-2025-01-28-at-13.00.39-768x1365.jpeg 768w, https:\/\/jmurciano.es\/wp-content\/uploads\/2025\/07\/Instalacion-en-Construccion-de-Proceso-Fermentacion-Reaccion-y-Estocaje-de-Fertilizante-2025-01-28-at-13.00.39-864x1536.jpeg 864w, https:\/\/jmurciano.es\/wp-content\/uploads\/2025\/07\/Instalacion-en-Construccion-de-Proceso-Fermentacion-Reaccion-y-Estocaje-de-Fertilizante-2025-01-28-at-13.00.39-7x12.jpeg 7w\" sizes=\"(max-width: 1152px) 100vw, 1152px\" \/>\t<\/div><div class=\"qodef-e qodef-image-wrapper qodef-grid-item\">\n\t\t\t<img decoding=\"async\" width=\"1152\" height=\"2048\" src=\"https:\/\/jmurciano.es\/wp-content\/uploads\/2025\/07\/Instalacion-en-Construccion-de-Proceso-Fermentacion-Reaccion-y-Estocaje-de-Fertilizante-2025-01-28-at-13.00.49.jpeg\" class=\"attachment-full size-full\" alt=\"\" srcset=\"https:\/\/jmurciano.es\/wp-content\/uploads\/2025\/07\/Instalacion-en-Construccion-de-Proceso-Fermentacion-Reaccion-y-Estocaje-de-Fertilizante-2025-01-28-at-13.00.49.jpeg 1152w, https:\/\/jmurciano.es\/wp-content\/uploads\/2025\/07\/Instalacion-en-Construccion-de-Proceso-Fermentacion-Reaccion-y-Estocaje-de-Fertilizante-2025-01-28-at-13.00.49-169x300.jpeg 169w, https:\/\/jmurciano.es\/wp-content\/uploads\/2025\/07\/Instalacion-en-Construccion-de-Proceso-Fermentacion-Reaccion-y-Estocaje-de-Fertilizante-2025-01-28-at-13.00.49-576x1024.jpeg 576w, https:\/\/jmurciano.es\/wp-content\/uploads\/2025\/07\/Instalacion-en-Construccion-de-Proceso-Fermentacion-Reaccion-y-Estocaje-de-Fertilizante-2025-01-28-at-13.00.49-768x1365.jpeg 768w, https:\/\/jmurciano.es\/wp-content\/uploads\/2025\/07\/Instalacion-en-Construccion-de-Proceso-Fermentacion-Reaccion-y-Estocaje-de-Fertilizante-2025-01-28-at-13.00.49-864x1536.jpeg 864w, https:\/\/jmurciano.es\/wp-content\/uploads\/2025\/07\/Instalacion-en-Construccion-de-Proceso-Fermentacion-Reaccion-y-Estocaje-de-Fertilizante-2025-01-28-at-13.00.49-7x12.jpeg 7w\" sizes=\"(max-width: 1152px) 100vw, 1152px\" \/>\t<\/div><div class=\"qodef-e qodef-image-wrapper qodef-grid-item\">\n\t\t\t<img loading=\"lazy\" decoding=\"async\" width=\"2048\" height=\"1152\" src=\"https:\/\/jmurciano.es\/wp-content\/uploads\/2025\/07\/Instalacion-en-Construccion-de-Proceso-Fermentacion-Reaccion-y-Estocaje-de-Fertilizante-2025-01-28-at-12.59.45.jpeg\" class=\"attachment-full size-full\" alt=\"\" srcset=\"https:\/\/jmurciano.es\/wp-content\/uploads\/2025\/07\/Instalacion-en-Construccion-de-Proceso-Fermentacion-Reaccion-y-Estocaje-de-Fertilizante-2025-01-28-at-12.59.45.jpeg 2048w, https:\/\/jmurciano.es\/wp-content\/uploads\/2025\/07\/Instalacion-en-Construccion-de-Proceso-Fermentacion-Reaccion-y-Estocaje-de-Fertilizante-2025-01-28-at-12.59.45-300x169.jpeg 300w, https:\/\/jmurciano.es\/wp-content\/uploads\/2025\/07\/Instalacion-en-Construccion-de-Proceso-Fermentacion-Reaccion-y-Estocaje-de-Fertilizante-2025-01-28-at-12.59.45-1024x576.jpeg 1024w, https:\/\/jmurciano.es\/wp-content\/uploads\/2025\/07\/Instalacion-en-Construccion-de-Proceso-Fermentacion-Reaccion-y-Estocaje-de-Fertilizante-2025-01-28-at-12.59.45-768x432.jpeg 768w, https:\/\/jmurciano.es\/wp-content\/uploads\/2025\/07\/Instalacion-en-Construccion-de-Proceso-Fermentacion-Reaccion-y-Estocaje-de-Fertilizante-2025-01-28-at-12.59.45-1536x864.jpeg 1536w, https:\/\/jmurciano.es\/wp-content\/uploads\/2025\/07\/Instalacion-en-Construccion-de-Proceso-Fermentacion-Reaccion-y-Estocaje-de-Fertilizante-2025-01-28-at-12.59.45-18x10.jpeg 18w\" sizes=\"(max-width: 2048px) 100vw, 2048px\" \/>\t<\/div>    <\/div>\n<\/div>\t\t\t\t<\/div>\n\t\t\t\t<\/div>\n\t\t\t\t\t<\/div>\n\t\t<\/div>\n\t\t\t\t\t<\/div>\n\t\t<\/section>\n\t\t\t\t<\/div>","protected":false},"excerpt":{"rendered":"<p>X La instalaci\u00f3n de sistemas para procesos de fermentaci\u00f3n, reacci\u00f3n y estocaje de fertilizantes es clave en la producci\u00f3n industrial de insumos agr\u00edcolas. Este proceso incluye el dise\u00f1o y montaje de equipos para la transformaci\u00f3n de materias primas, control de condiciones \u00f3ptimas para la fermentaci\u00f3n y reacci\u00f3n qu\u00edmica, as\u00ed como la implementaci\u00f3n de dep\u00f3sitos seguros [&hellip;]<\/p>","protected":false},"author":1,"featured_media":0,"parent":0,"menu_order":0,"comment_status":"closed","ping_status":"closed","template":"page-full-width.php","meta":{"footnotes":""},"class_list":["post-7830","page","type-page","status-publish","hentry"],"yoast_head":"<!-- This site is optimized with the Yoast SEO plugin v24.7 - https:\/\/yoast.com\/wordpress\/plugins\/seo\/ -->\n<title>Instalacio\u0301n en Construccio\u0301n de Proceso, Fermentacio\u0301n, Reaccio\u0301n y Estocaje de Fertilizante - J Murciano<\/title>\n<meta name=\"robots\" content=\"index, follow, max-snippet:-1, max-image-preview:large, max-video-preview:-1\" \/>\n<link rel=\"canonical\" href=\"https:\/\/jmurciano.es\/en\/instalacion-en-construccion-de-proceso-fermentacion-reaccion-y-estocaje-de-fertilizante\/\" \/>\n<meta property=\"og:locale\" content=\"en_GB\" \/>\n<meta property=\"og:type\" content=\"article\" \/>\n<meta property=\"og:title\" content=\"Instalacio\u0301n en Construccio\u0301n de Proceso, Fermentacio\u0301n, Reaccio\u0301n y Estocaje de Fertilizante - J Murciano\" \/>\n<meta property=\"og:description\" content=\"X La instalaci\u00f3n de sistemas para procesos de fermentaci\u00f3n, reacci\u00f3n y estocaje de fertilizantes es clave en la producci\u00f3n industrial de insumos agr\u00edcolas. Este proceso incluye el dise\u00f1o y montaje de equipos para la transformaci\u00f3n de materias primas, control de condiciones \u00f3ptimas para la fermentaci\u00f3n y reacci\u00f3n qu\u00edmica, as\u00ed como la implementaci\u00f3n de dep\u00f3sitos seguros [&hellip;]\" \/>\n<meta property=\"og:url\" content=\"https:\/\/jmurciano.es\/en\/instalacion-en-construccion-de-proceso-fermentacion-reaccion-y-estocaje-de-fertilizante\/\" \/>\n<meta property=\"og:site_name\" content=\"J Murciano\" \/>\n<meta property=\"article:modified_time\" content=\"2025-07-31T07:13:22+00:00\" \/>\n<meta property=\"og:image\" content=\"https:\/\/jmurciano.es\/wp-content\/uploads\/2025\/07\/Instalacion-en-Construccion-de-Proceso-Fermentacion-Reaccion-y-Estocaje-de-Fertilizante-2025-01-28-at-12.59.53.jpeg\" \/>\n<meta name=\"twitter:card\" content=\"summary_large_image\" \/>\n<meta name=\"twitter:label1\" content=\"Estimated reading time\" \/>\n\t<meta name=\"twitter:data1\" content=\"2 minutes\" \/>\n<script type=\"application\/ld+json\" class=\"yoast-schema-graph\">{\"@context\":\"https:\/\/schema.org\",\"@graph\":[{\"@type\":\"WebPage\",\"@id\":\"https:\/\/jmurciano.es\/instalacion-en-construccion-de-proceso-fermentacion-reaccion-y-estocaje-de-fertilizante\/\",\"url\":\"https:\/\/jmurciano.es\/instalacion-en-construccion-de-proceso-fermentacion-reaccion-y-estocaje-de-fertilizante\/\",\"name\":\"Instalacio\u0301n en Construccio\u0301n de Proceso, Fermentacio\u0301n, Reaccio\u0301n y Estocaje de Fertilizante - J Murciano\",\"isPartOf\":{\"@id\":\"https:\/\/jmurciano.es\/#website\"},\"primaryImageOfPage\":{\"@id\":\"https:\/\/jmurciano.es\/instalacion-en-construccion-de-proceso-fermentacion-reaccion-y-estocaje-de-fertilizante\/#primaryimage\"},\"image\":{\"@id\":\"https:\/\/jmurciano.es\/instalacion-en-construccion-de-proceso-fermentacion-reaccion-y-estocaje-de-fertilizante\/#primaryimage\"},\"thumbnailUrl\":\"https:\/\/jmurciano.es\/wp-content\/uploads\/2025\/07\/Instalacion-en-Construccion-de-Proceso-Fermentacion-Reaccion-y-Estocaje-de-Fertilizante-2025-01-28-at-12.59.53.jpeg\",\"datePublished\":\"2025-07-31T07:08:19+00:00\",\"dateModified\":\"2025-07-31T07:13:22+00:00\",\"breadcrumb\":{\"@id\":\"https:\/\/jmurciano.es\/instalacion-en-construccion-de-proceso-fermentacion-reaccion-y-estocaje-de-fertilizante\/#breadcrumb\"},\"inLanguage\":\"en-GB\",\"potentialAction\":[{\"@type\":\"ReadAction\",\"target\":[\"https:\/\/jmurciano.es\/instalacion-en-construccion-de-proceso-fermentacion-reaccion-y-estocaje-de-fertilizante\/\"]}]},{\"@type\":\"ImageObject\",\"inLanguage\":\"en-GB\",\"@id\":\"https:\/\/jmurciano.es\/instalacion-en-construccion-de-proceso-fermentacion-reaccion-y-estocaje-de-fertilizante\/#primaryimage\",\"url\":\"https:\/\/jmurciano.es\/wp-content\/uploads\/2025\/07\/Instalacion-en-Construccion-de-Proceso-Fermentacion-Reaccion-y-Estocaje-de-Fertilizante-2025-01-28-at-12.59.53.jpeg\",\"contentUrl\":\"https:\/\/jmurciano.es\/wp-content\/uploads\/2025\/07\/Instalacion-en-Construccion-de-Proceso-Fermentacion-Reaccion-y-Estocaje-de-Fertilizante-2025-01-28-at-12.59.53.jpeg\"},{\"@type\":\"BreadcrumbList\",\"@id\":\"https:\/\/jmurciano.es\/instalacion-en-construccion-de-proceso-fermentacion-reaccion-y-estocaje-de-fertilizante\/#breadcrumb\",\"itemListElement\":[{\"@type\":\"ListItem\",\"position\":1,\"name\":\"Portada\",\"item\":\"https:\/\/jmurciano.es\/\"},{\"@type\":\"ListItem\",\"position\":2,\"name\":\"Instalacio\u0301n en Construccio\u0301n de Proceso, Fermentacio\u0301n, Reaccio\u0301n y Estocaje de Fertilizante\"}]},{\"@type\":\"WebSite\",\"@id\":\"https:\/\/jmurciano.es\/#website\",\"url\":\"https:\/\/jmurciano.es\/\",\"name\":\"J Murciano\",\"description\":\"\",\"potentialAction\":[{\"@type\":\"SearchAction\",\"target\":{\"@type\":\"EntryPoint\",\"urlTemplate\":\"https:\/\/jmurciano.es\/?s={search_term_string}\"},\"query-input\":{\"@type\":\"PropertyValueSpecification\",\"valueRequired\":true,\"valueName\":\"search_term_string\"}}],\"inLanguage\":\"en-GB\"}]}<\/script>\n<!-- \/ Yoast SEO plugin. -->","yoast_head_json":{"title":"Instalacio\u0301n en Construccio\u0301n de Proceso, Fermentacio\u0301n, Reaccio\u0301n y Estocaje de Fertilizante - J Murciano","robots":{"index":"index","follow":"follow","max-snippet":"max-snippet:-1","max-image-preview":"max-image-preview:large","max-video-preview":"max-video-preview:-1"},"canonical":"https:\/\/jmurciano.es\/en\/instalacion-en-construccion-de-proceso-fermentacion-reaccion-y-estocaje-de-fertilizante\/","og_locale":"en_GB","og_type":"article","og_title":"Instalacio\u0301n en Construccio\u0301n de Proceso, Fermentacio\u0301n, Reaccio\u0301n y Estocaje de Fertilizante - J Murciano","og_description":"X La instalaci\u00f3n de sistemas para procesos de fermentaci\u00f3n, reacci\u00f3n y estocaje de fertilizantes es clave en la producci\u00f3n industrial de insumos agr\u00edcolas. Este proceso incluye el dise\u00f1o y montaje de equipos para la transformaci\u00f3n de materias primas, control de condiciones \u00f3ptimas para la fermentaci\u00f3n y reacci\u00f3n qu\u00edmica, as\u00ed como la implementaci\u00f3n de dep\u00f3sitos seguros [&hellip;]","og_url":"https:\/\/jmurciano.es\/en\/instalacion-en-construccion-de-proceso-fermentacion-reaccion-y-estocaje-de-fertilizante\/","og_site_name":"J Murciano","article_modified_time":"2025-07-31T07:13:22+00:00","og_image":[{"url":"https:\/\/jmurciano.es\/wp-content\/uploads\/2025\/07\/Instalacion-en-Construccion-de-Proceso-Fermentacion-Reaccion-y-Estocaje-de-Fertilizante-2025-01-28-at-12.59.53.jpeg","type":"","width":"","height":""}],"twitter_card":"summary_large_image","twitter_misc":{"Estimated reading time":"2 minutes"},"schema":{"@context":"https:\/\/schema.org","@graph":[{"@type":"WebPage","@id":"https:\/\/jmurciano.es\/instalacion-en-construccion-de-proceso-fermentacion-reaccion-y-estocaje-de-fertilizante\/","url":"https:\/\/jmurciano.es\/instalacion-en-construccion-de-proceso-fermentacion-reaccion-y-estocaje-de-fertilizante\/","name":"Instalacio\u0301n en Construccio\u0301n de Proceso, Fermentacio\u0301n, Reaccio\u0301n y Estocaje de Fertilizante - J Murciano","isPartOf":{"@id":"https:\/\/jmurciano.es\/#website"},"primaryImageOfPage":{"@id":"https:\/\/jmurciano.es\/instalacion-en-construccion-de-proceso-fermentacion-reaccion-y-estocaje-de-fertilizante\/#primaryimage"},"image":{"@id":"https:\/\/jmurciano.es\/instalacion-en-construccion-de-proceso-fermentacion-reaccion-y-estocaje-de-fertilizante\/#primaryimage"},"thumbnailUrl":"https:\/\/jmurciano.es\/wp-content\/uploads\/2025\/07\/Instalacion-en-Construccion-de-Proceso-Fermentacion-Reaccion-y-Estocaje-de-Fertilizante-2025-01-28-at-12.59.53.jpeg","datePublished":"2025-07-31T07:08:19+00:00","dateModified":"2025-07-31T07:13:22+00:00","breadcrumb":{"@id":"https:\/\/jmurciano.es\/instalacion-en-construccion-de-proceso-fermentacion-reaccion-y-estocaje-de-fertilizante\/#breadcrumb"},"inLanguage":"en-GB","potentialAction":[{"@type":"ReadAction","target":["https:\/\/jmurciano.es\/instalacion-en-construccion-de-proceso-fermentacion-reaccion-y-estocaje-de-fertilizante\/"]}]},{"@type":"ImageObject","inLanguage":"en-GB","@id":"https:\/\/jmurciano.es\/instalacion-en-construccion-de-proceso-fermentacion-reaccion-y-estocaje-de-fertilizante\/#primaryimage","url":"https:\/\/jmurciano.es\/wp-content\/uploads\/2025\/07\/Instalacion-en-Construccion-de-Proceso-Fermentacion-Reaccion-y-Estocaje-de-Fertilizante-2025-01-28-at-12.59.53.jpeg","contentUrl":"https:\/\/jmurciano.es\/wp-content\/uploads\/2025\/07\/Instalacion-en-Construccion-de-Proceso-Fermentacion-Reaccion-y-Estocaje-de-Fertilizante-2025-01-28-at-12.59.53.jpeg"},{"@type":"BreadcrumbList","@id":"https:\/\/jmurciano.es\/instalacion-en-construccion-de-proceso-fermentacion-reaccion-y-estocaje-de-fertilizante\/#breadcrumb","itemListElement":[{"@type":"ListItem","position":1,"name":"Portada","item":"https:\/\/jmurciano.es\/"},{"@type":"ListItem","position":2,"name":"Instalacio\u0301n en Construccio\u0301n de Proceso, Fermentacio\u0301n, Reaccio\u0301n y Estocaje de Fertilizante"}]},{"@type":"WebSite","@id":"https:\/\/jmurciano.es\/#website","url":"https:\/\/jmurciano.es\/","name":"J Murciano","description":"","potentialAction":[{"@type":"SearchAction","target":{"@type":"EntryPoint","urlTemplate":"https:\/\/jmurciano.es\/?s={search_term_string}"},"query-input":{"@type":"PropertyValueSpecification","valueRequired":true,"valueName":"search_term_string"}}],"inLanguage":"en-GB"}]}},"_links":{"self":[{"href":"https:\/\/jmurciano.es\/en\/wp-json\/wp\/v2\/pages\/7830","targetHints":{"allow":["GET"]}}],"collection":[{"href":"https:\/\/jmurciano.es\/en\/wp-json\/wp\/v2\/pages"}],"about":[{"href":"https:\/\/jmurciano.es\/en\/wp-json\/wp\/v2\/types\/page"}],"author":[{"embeddable":true,"href":"https:\/\/jmurciano.es\/en\/wp-json\/wp\/v2\/users\/1"}],"replies":[{"embeddable":true,"href":"https:\/\/jmurciano.es\/en\/wp-json\/wp\/v2\/comments?post=7830"}],"version-history":[{"count":6,"href":"https:\/\/jmurciano.es\/en\/wp-json\/wp\/v2\/pages\/7830\/revisions"}],"predecessor-version":[{"id":7845,"href":"https:\/\/jmurciano.es\/en\/wp-json\/wp\/v2\/pages\/7830\/revisions\/7845"}],"wp:attachment":[{"href":"https:\/\/jmurciano.es\/en\/wp-json\/wp\/v2\/media?parent=7830"}],"curies":[{"name":"wp","href":"https:\/\/api.w.org\/{rel}","templated":true}]}}