{"id":7846,"date":"2025-07-31T07:13:37","date_gmt":"2025-07-31T07:13:37","guid":{"rendered":"https:\/\/jmurciano.es\/?page_id=7846"},"modified":"2025-07-31T07:43:35","modified_gmt":"2025-07-31T07:43:35","slug":"proceso-de-limpieza-de-tuberia-de-jabon-con-arrastre-de-torped","status":"publish","type":"page","link":"https:\/\/jmurciano.es\/en\/proceso-de-limpieza-de-tuberia-de-jabon-con-arrastre-de-torped\/","title":{"rendered":"Proceso de Limpieza de Tuberi\u0301a de Jabo\u0301n con Arrastre de Torped"},"content":{"rendered":"<div data-elementor-type=\"wp-page\" data-elementor-id=\"7846\" class=\"elementor elementor-7846\" data-elementor-post-type=\"page\">\n\t\t\t\t\t\t<section class=\"elementor-section elementor-top-section elementor-element elementor-element-041d997 elementor-section-stretched elementor-section-boxed elementor-section-height-default elementor-section-height-default qodef-elementor-content-no\" data-id=\"041d997\" data-element_type=\"section\" data-settings=\"{&quot;stretch_section&quot;:&quot;section-stretched&quot;}\">\n\t\t\t\t\t\t<div class=\"elementor-container elementor-column-gap-default\">\n\t\t\t\t\t<div class=\"elementor-column elementor-col-100 elementor-top-column elementor-element elementor-element-477c01e\" data-id=\"477c01e\" data-element_type=\"column\">\n\t\t\t<div class=\"elementor-widget-wrap elementor-element-populated\">\n\t\t\t\t\t\t<div class=\"elementor-element elementor-element-c9abe11 elementor-widget elementor-widget-heading\" data-id=\"c9abe11\" data-element_type=\"widget\" data-widget_type=\"heading.default\">\n\t\t\t\t<div class=\"elementor-widget-container\">\n\t\t\t\t\t<h2 class=\"elementor-heading-title elementor-size-default\"><a href=\"https:\/\/jmurciano.es\/en\/proyectos-instalaciones-electricas-jmuricano\/\">X<\/a><\/h2>\t\t\t\t<\/div>\n\t\t\t\t<\/div>\n\t\t\t\t\t<\/div>\n\t\t<\/div>\n\t\t\t\t\t<\/div>\n\t\t<\/section>\n\t\t\t\t<section class=\"elementor-section elementor-top-section elementor-element elementor-element-80c8dd9 elementor-section-height-min-height elementor-section-items-top elementor-section-boxed elementor-section-height-default qodef-elementor-content-no\" data-id=\"80c8dd9\" data-element_type=\"section\">\n\t\t\t\t\t\t<div class=\"elementor-container elementor-column-gap-default\">\n\t\t\t\t\t<div class=\"elementor-column elementor-col-100 elementor-top-column elementor-element elementor-element-f8e5aa6\" data-id=\"f8e5aa6\" data-element_type=\"column\">\n\t\t\t<div class=\"elementor-widget-wrap elementor-element-populated\">\n\t\t\t\t\t\t<div class=\"elementor-element elementor-element-98caf7e elementor-widget elementor-widget-text-editor\" data-id=\"98caf7e\" data-element_type=\"widget\" data-widget_type=\"text-editor.default\">\n\t\t\t\t<div class=\"elementor-widget-container\">\n\t\t\t\t\t\t\t\t\t<p>El proceso de limpieza de tuber\u00edas de jab\u00f3n con arrastre de torpedo es una t\u00e9cnica eficiente para eliminar residuos y garantizar el \u00f3ptimo funcionamiento del sistema. Consiste en introducir un dispositivo llamado \u00abtorpedo\u00bb, que se desplaza a trav\u00e9s de la tuber\u00eda impulsado por presi\u00f3n de aire, agua o un fluido espec\u00edfico, arrastrando los residuos acumulados en las paredes internas.<\/p><p>Este m\u00e9todo es ideal para prevenir obstrucciones, mejorar la eficiencia del flujo y reducir la contaminaci\u00f3n en procesos industriales. Adem\u00e1s, su aplicaci\u00f3n peri\u00f3dica prolonga la vida \u00fatil de las tuber\u00edas y optimiza la calidad del producto transportado.<\/p>\t\t\t\t\t\t\t\t<\/div>\n\t\t\t\t<\/div>\n\t\t\t\t<div class=\"elementor-element elementor-element-a9931f3 elementor-widget elementor-widget-stal_core_image_gallery\" data-id=\"a9931f3\" data-element_type=\"widget\" data-widget_type=\"stal_core_image_gallery.default\">\n\t\t\t\t<div class=\"elementor-widget-container\">\n\t\t\t\t\t<div class=\"qodef-shortcode qodef-m  qodef-image-gallery  qodef-grid qodef-layout--columns  qodef-gutter--normal qodef-col-num--1  qodef-responsive--predefined\">\n    <div class=\"qodef-grid-inner clear\">\n\t\t<div class=\"qodef-e qodef-image-wrapper qodef-grid-item\">\n\t\t\t<img fetchpriority=\"high\" decoding=\"async\" width=\"1536\" height=\"2048\" src=\"https:\/\/jmurciano.es\/wp-content\/uploads\/2025\/07\/PHOTO-2024-12-05-18-21-06.jpg\" class=\"attachment-full size-full\" alt=\"\" srcset=\"https:\/\/jmurciano.es\/wp-content\/uploads\/2025\/07\/PHOTO-2024-12-05-18-21-06.jpg 1536w, https:\/\/jmurciano.es\/wp-content\/uploads\/2025\/07\/PHOTO-2024-12-05-18-21-06-225x300.jpg 225w, https:\/\/jmurciano.es\/wp-content\/uploads\/2025\/07\/PHOTO-2024-12-05-18-21-06-768x1024.jpg 768w, https:\/\/jmurciano.es\/wp-content\/uploads\/2025\/07\/PHOTO-2024-12-05-18-21-06-1152x1536.jpg 1152w, https:\/\/jmurciano.es\/wp-content\/uploads\/2025\/07\/PHOTO-2024-12-05-18-21-06-9x12.jpg 9w\" sizes=\"(max-width: 1536px) 100vw, 1536px\" \/>\t<\/div>    <\/div>\n<\/div>\t\t\t\t<\/div>\n\t\t\t\t<\/div>\n\t\t\t\t\t<\/div>\n\t\t<\/div>\n\t\t\t\t\t<\/div>\n\t\t<\/section>\n\t\t\t\t<\/div>","protected":false},"excerpt":{"rendered":"<p>X El proceso de limpieza de tuber\u00edas de jab\u00f3n con arrastre de torpedo es una t\u00e9cnica eficiente para eliminar residuos y garantizar el \u00f3ptimo funcionamiento del sistema. Consiste en introducir un dispositivo llamado \u00abtorpedo\u00bb, que se desplaza a trav\u00e9s de la tuber\u00eda impulsado por presi\u00f3n de aire, agua o un fluido espec\u00edfico, arrastrando los residuos [&hellip;]<\/p>","protected":false},"author":1,"featured_media":0,"parent":0,"menu_order":0,"comment_status":"closed","ping_status":"closed","template":"page-full-width.php","meta":{"footnotes":""},"class_list":["post-7846","page","type-page","status-publish","hentry"],"yoast_head":"<!-- This site is optimized with the Yoast SEO plugin v24.7 - https:\/\/yoast.com\/wordpress\/plugins\/seo\/ -->\n<title>Proceso de Limpieza de Tuberi\u0301a de Jabo\u0301n con Arrastre de Torped - J Murciano<\/title>\n<meta name=\"robots\" content=\"index, follow, max-snippet:-1, max-image-preview:large, max-video-preview:-1\" \/>\n<link rel=\"canonical\" href=\"https:\/\/jmurciano.es\/en\/proceso-de-limpieza-de-tuberia-de-jabon-con-arrastre-de-torped\/\" \/>\n<meta property=\"og:locale\" content=\"en_GB\" \/>\n<meta property=\"og:type\" content=\"article\" \/>\n<meta property=\"og:title\" content=\"Proceso de Limpieza de Tuberi\u0301a de Jabo\u0301n con Arrastre de Torped - J Murciano\" \/>\n<meta property=\"og:description\" content=\"X El proceso de limpieza de tuber\u00edas de jab\u00f3n con arrastre de torpedo es una t\u00e9cnica eficiente para eliminar residuos y garantizar el \u00f3ptimo funcionamiento del sistema. Consiste en introducir un dispositivo llamado \u00abtorpedo\u00bb, que se desplaza a trav\u00e9s de la tuber\u00eda impulsado por presi\u00f3n de aire, agua o un fluido espec\u00edfico, arrastrando los residuos [&hellip;]\" \/>\n<meta property=\"og:url\" content=\"https:\/\/jmurciano.es\/en\/proceso-de-limpieza-de-tuberia-de-jabon-con-arrastre-de-torped\/\" \/>\n<meta property=\"og:site_name\" content=\"J Murciano\" \/>\n<meta property=\"article:modified_time\" content=\"2025-07-31T07:43:35+00:00\" \/>\n<meta property=\"og:image\" content=\"https:\/\/jmurciano.es\/wp-content\/uploads\/2025\/07\/PHOTO-2024-12-05-18-21-06.jpg\" \/>\n<meta name=\"twitter:card\" content=\"summary_large_image\" \/>\n<meta name=\"twitter:label1\" content=\"Estimated reading time\" \/>\n\t<meta name=\"twitter:data1\" content=\"1 minute\" \/>\n<script type=\"application\/ld+json\" class=\"yoast-schema-graph\">{\"@context\":\"https:\/\/schema.org\",\"@graph\":[{\"@type\":\"WebPage\",\"@id\":\"https:\/\/jmurciano.es\/proceso-de-limpieza-de-tuberia-de-jabon-con-arrastre-de-torped\/\",\"url\":\"https:\/\/jmurciano.es\/proceso-de-limpieza-de-tuberia-de-jabon-con-arrastre-de-torped\/\",\"name\":\"Proceso de Limpieza de Tuberi\u0301a de Jabo\u0301n con Arrastre de Torped - J Murciano\",\"isPartOf\":{\"@id\":\"https:\/\/jmurciano.es\/#website\"},\"primaryImageOfPage\":{\"@id\":\"https:\/\/jmurciano.es\/proceso-de-limpieza-de-tuberia-de-jabon-con-arrastre-de-torped\/#primaryimage\"},\"image\":{\"@id\":\"https:\/\/jmurciano.es\/proceso-de-limpieza-de-tuberia-de-jabon-con-arrastre-de-torped\/#primaryimage\"},\"thumbnailUrl\":\"https:\/\/jmurciano.es\/wp-content\/uploads\/2025\/07\/PHOTO-2024-12-05-18-21-06.jpg\",\"datePublished\":\"2025-07-31T07:13:37+00:00\",\"dateModified\":\"2025-07-31T07:43:35+00:00\",\"breadcrumb\":{\"@id\":\"https:\/\/jmurciano.es\/proceso-de-limpieza-de-tuberia-de-jabon-con-arrastre-de-torped\/#breadcrumb\"},\"inLanguage\":\"en-GB\",\"potentialAction\":[{\"@type\":\"ReadAction\",\"target\":[\"https:\/\/jmurciano.es\/proceso-de-limpieza-de-tuberia-de-jabon-con-arrastre-de-torped\/\"]}]},{\"@type\":\"ImageObject\",\"inLanguage\":\"en-GB\",\"@id\":\"https:\/\/jmurciano.es\/proceso-de-limpieza-de-tuberia-de-jabon-con-arrastre-de-torped\/#primaryimage\",\"url\":\"https:\/\/jmurciano.es\/wp-content\/uploads\/2025\/07\/PHOTO-2024-12-05-18-21-06.jpg\",\"contentUrl\":\"https:\/\/jmurciano.es\/wp-content\/uploads\/2025\/07\/PHOTO-2024-12-05-18-21-06.jpg\"},{\"@type\":\"BreadcrumbList\",\"@id\":\"https:\/\/jmurciano.es\/proceso-de-limpieza-de-tuberia-de-jabon-con-arrastre-de-torped\/#breadcrumb\",\"itemListElement\":[{\"@type\":\"ListItem\",\"position\":1,\"name\":\"Portada\",\"item\":\"https:\/\/jmurciano.es\/\"},{\"@type\":\"ListItem\",\"position\":2,\"name\":\"Proceso de Limpieza de Tuberi\u0301a de Jabo\u0301n con Arrastre de Torped\"}]},{\"@type\":\"WebSite\",\"@id\":\"https:\/\/jmurciano.es\/#website\",\"url\":\"https:\/\/jmurciano.es\/\",\"name\":\"J Murciano\",\"description\":\"\",\"potentialAction\":[{\"@type\":\"SearchAction\",\"target\":{\"@type\":\"EntryPoint\",\"urlTemplate\":\"https:\/\/jmurciano.es\/?s={search_term_string}\"},\"query-input\":{\"@type\":\"PropertyValueSpecification\",\"valueRequired\":true,\"valueName\":\"search_term_string\"}}],\"inLanguage\":\"en-GB\"}]}<\/script>\n<!-- \/ Yoast SEO plugin. -->","yoast_head_json":{"title":"Proceso de Limpieza de Tuberi\u0301a de Jabo\u0301n con Arrastre de Torped - J Murciano","robots":{"index":"index","follow":"follow","max-snippet":"max-snippet:-1","max-image-preview":"max-image-preview:large","max-video-preview":"max-video-preview:-1"},"canonical":"https:\/\/jmurciano.es\/en\/proceso-de-limpieza-de-tuberia-de-jabon-con-arrastre-de-torped\/","og_locale":"en_GB","og_type":"article","og_title":"Proceso de Limpieza de Tuberi\u0301a de Jabo\u0301n con Arrastre de Torped - J Murciano","og_description":"X El proceso de limpieza de tuber\u00edas de jab\u00f3n con arrastre de torpedo es una t\u00e9cnica eficiente para eliminar residuos y garantizar el \u00f3ptimo funcionamiento del sistema. Consiste en introducir un dispositivo llamado \u00abtorpedo\u00bb, que se desplaza a trav\u00e9s de la tuber\u00eda impulsado por presi\u00f3n de aire, agua o un fluido espec\u00edfico, arrastrando los residuos [&hellip;]","og_url":"https:\/\/jmurciano.es\/en\/proceso-de-limpieza-de-tuberia-de-jabon-con-arrastre-de-torped\/","og_site_name":"J Murciano","article_modified_time":"2025-07-31T07:43:35+00:00","og_image":[{"url":"https:\/\/jmurciano.es\/wp-content\/uploads\/2025\/07\/PHOTO-2024-12-05-18-21-06.jpg","type":"","width":"","height":""}],"twitter_card":"summary_large_image","twitter_misc":{"Estimated reading time":"1 minute"},"schema":{"@context":"https:\/\/schema.org","@graph":[{"@type":"WebPage","@id":"https:\/\/jmurciano.es\/proceso-de-limpieza-de-tuberia-de-jabon-con-arrastre-de-torped\/","url":"https:\/\/jmurciano.es\/proceso-de-limpieza-de-tuberia-de-jabon-con-arrastre-de-torped\/","name":"Proceso de Limpieza de Tuberi\u0301a de Jabo\u0301n con Arrastre de Torped - J Murciano","isPartOf":{"@id":"https:\/\/jmurciano.es\/#website"},"primaryImageOfPage":{"@id":"https:\/\/jmurciano.es\/proceso-de-limpieza-de-tuberia-de-jabon-con-arrastre-de-torped\/#primaryimage"},"image":{"@id":"https:\/\/jmurciano.es\/proceso-de-limpieza-de-tuberia-de-jabon-con-arrastre-de-torped\/#primaryimage"},"thumbnailUrl":"https:\/\/jmurciano.es\/wp-content\/uploads\/2025\/07\/PHOTO-2024-12-05-18-21-06.jpg","datePublished":"2025-07-31T07:13:37+00:00","dateModified":"2025-07-31T07:43:35+00:00","breadcrumb":{"@id":"https:\/\/jmurciano.es\/proceso-de-limpieza-de-tuberia-de-jabon-con-arrastre-de-torped\/#breadcrumb"},"inLanguage":"en-GB","potentialAction":[{"@type":"ReadAction","target":["https:\/\/jmurciano.es\/proceso-de-limpieza-de-tuberia-de-jabon-con-arrastre-de-torped\/"]}]},{"@type":"ImageObject","inLanguage":"en-GB","@id":"https:\/\/jmurciano.es\/proceso-de-limpieza-de-tuberia-de-jabon-con-arrastre-de-torped\/#primaryimage","url":"https:\/\/jmurciano.es\/wp-content\/uploads\/2025\/07\/PHOTO-2024-12-05-18-21-06.jpg","contentUrl":"https:\/\/jmurciano.es\/wp-content\/uploads\/2025\/07\/PHOTO-2024-12-05-18-21-06.jpg"},{"@type":"BreadcrumbList","@id":"https:\/\/jmurciano.es\/proceso-de-limpieza-de-tuberia-de-jabon-con-arrastre-de-torped\/#breadcrumb","itemListElement":[{"@type":"ListItem","position":1,"name":"Portada","item":"https:\/\/jmurciano.es\/"},{"@type":"ListItem","position":2,"name":"Proceso de Limpieza de Tuberi\u0301a de Jabo\u0301n con Arrastre de Torped"}]},{"@type":"WebSite","@id":"https:\/\/jmurciano.es\/#website","url":"https:\/\/jmurciano.es\/","name":"J Murciano","description":"","potentialAction":[{"@type":"SearchAction","target":{"@type":"EntryPoint","urlTemplate":"https:\/\/jmurciano.es\/?s={search_term_string}"},"query-input":{"@type":"PropertyValueSpecification","valueRequired":true,"valueName":"search_term_string"}}],"inLanguage":"en-GB"}]}},"_links":{"self":[{"href":"https:\/\/jmurciano.es\/en\/wp-json\/wp\/v2\/pages\/7846","targetHints":{"allow":["GET"]}}],"collection":[{"href":"https:\/\/jmurciano.es\/en\/wp-json\/wp\/v2\/pages"}],"about":[{"href":"https:\/\/jmurciano.es\/en\/wp-json\/wp\/v2\/types\/page"}],"author":[{"embeddable":true,"href":"https:\/\/jmurciano.es\/en\/wp-json\/wp\/v2\/users\/1"}],"replies":[{"embeddable":true,"href":"https:\/\/jmurciano.es\/en\/wp-json\/wp\/v2\/comments?post=7846"}],"version-history":[{"count":6,"href":"https:\/\/jmurciano.es\/en\/wp-json\/wp\/v2\/pages\/7846\/revisions"}],"predecessor-version":[{"id":7931,"href":"https:\/\/jmurciano.es\/en\/wp-json\/wp\/v2\/pages\/7846\/revisions\/7931"}],"wp:attachment":[{"href":"https:\/\/jmurciano.es\/en\/wp-json\/wp\/v2\/media?parent=7846"}],"curies":[{"name":"wp","href":"https:\/\/api.w.org\/{rel}","templated":true}]}}