{"id":7855,"date":"2025-07-31T07:17:32","date_gmt":"2025-07-31T07:17:32","guid":{"rendered":"https:\/\/jmurciano.es\/?page_id=7855"},"modified":"2025-07-31T07:42:43","modified_gmt":"2025-07-31T07:42:43","slug":"control-de-conductividad-2","status":"publish","type":"page","link":"https:\/\/jmurciano.es\/en\/control-de-conductividad-2\/","title":{"rendered":"Control de conductividad"},"content":{"rendered":"<div data-elementor-type=\"wp-page\" data-elementor-id=\"7855\" class=\"elementor elementor-7855\" data-elementor-post-type=\"page\">\n\t\t\t\t\t\t<section class=\"elementor-section elementor-top-section elementor-element elementor-element-041d997 elementor-section-stretched elementor-section-boxed elementor-section-height-default elementor-section-height-default qodef-elementor-content-no\" data-id=\"041d997\" data-element_type=\"section\" data-settings=\"{&quot;stretch_section&quot;:&quot;section-stretched&quot;}\">\n\t\t\t\t\t\t<div class=\"elementor-container elementor-column-gap-default\">\n\t\t\t\t\t<div class=\"elementor-column elementor-col-100 elementor-top-column elementor-element elementor-element-477c01e\" data-id=\"477c01e\" data-element_type=\"column\">\n\t\t\t<div class=\"elementor-widget-wrap elementor-element-populated\">\n\t\t\t\t\t\t<div class=\"elementor-element elementor-element-c9abe11 elementor-widget elementor-widget-heading\" data-id=\"c9abe11\" data-element_type=\"widget\" data-widget_type=\"heading.default\">\n\t\t\t\t<div class=\"elementor-widget-container\">\n\t\t\t\t\t<h2 class=\"elementor-heading-title elementor-size-default\"><a href=\"https:\/\/jmurciano.es\/en\/proyectos-instalaciones-electricas-jmuricano\/\">X<\/a><\/h2>\t\t\t\t<\/div>\n\t\t\t\t<\/div>\n\t\t\t\t\t<\/div>\n\t\t<\/div>\n\t\t\t\t\t<\/div>\n\t\t<\/section>\n\t\t\t\t<section class=\"elementor-section elementor-top-section elementor-element elementor-element-80c8dd9 elementor-section-height-min-height elementor-section-items-top elementor-section-boxed elementor-section-height-default qodef-elementor-content-no\" data-id=\"80c8dd9\" data-element_type=\"section\">\n\t\t\t\t\t\t<div class=\"elementor-container elementor-column-gap-default\">\n\t\t\t\t\t<div class=\"elementor-column elementor-col-100 elementor-top-column elementor-element elementor-element-f8e5aa6\" data-id=\"f8e5aa6\" data-element_type=\"column\">\n\t\t\t<div class=\"elementor-widget-wrap elementor-element-populated\">\n\t\t\t\t\t\t<div class=\"elementor-element elementor-element-98caf7e elementor-widget elementor-widget-text-editor\" data-id=\"98caf7e\" data-element_type=\"widget\" data-widget_type=\"text-editor.default\">\n\t\t\t\t<div class=\"elementor-widget-container\">\n\t\t\t\t\t\t\t\t\t<p>La instalaci\u00f3n de dosificaci\u00f3n de detergente en lavadora de botellas con control de conductividad permite un lavado eficiente, controlado y seguro. El sistema dosifica autom\u00e1ticamente la cantidad exacta de detergente necesaria, en funci\u00f3n de la conductividad del agua, optimizando el consumo y garantizando una limpieza constante y de calidad. Esta tecnolog\u00eda minimiza el desperdicio de producto, mejora el rendimiento del proceso y reduce el impacto ambiental. Es una soluci\u00f3n ideal para instalaciones industriales que requieren precisi\u00f3n, fiabilidad y control en sus ciclos de lavado. Asegura resultados homog\u00e9neos, protege el equipo y facilita el cumplimiento de est\u00e1ndares de higiene.<\/p>\t\t\t\t\t\t\t\t<\/div>\n\t\t\t\t<\/div>\n\t\t\t\t<div class=\"elementor-element elementor-element-a9931f3 elementor-widget elementor-widget-stal_core_image_gallery\" data-id=\"a9931f3\" data-element_type=\"widget\" data-widget_type=\"stal_core_image_gallery.default\">\n\t\t\t\t<div class=\"elementor-widget-container\">\n\t\t\t\t\t<div class=\"qodef-shortcode qodef-m  qodef-image-gallery  qodef-grid qodef-layout--columns  qodef-gutter--normal qodef-col-num--1  qodef-responsive--predefined\">\n    <div class=\"qodef-grid-inner clear\">\n\t\t<div class=\"qodef-e qodef-image-wrapper qodef-grid-item\">\n\t\t\t<img fetchpriority=\"high\" decoding=\"async\" width=\"2048\" height=\"1536\" src=\"https:\/\/jmurciano.es\/wp-content\/uploads\/2025\/07\/control-de-conductividad.jpg\" class=\"attachment-full size-full\" alt=\"\" srcset=\"https:\/\/jmurciano.es\/wp-content\/uploads\/2025\/07\/control-de-conductividad.jpg 2048w, https:\/\/jmurciano.es\/wp-content\/uploads\/2025\/07\/control-de-conductividad-300x225.jpg 300w, https:\/\/jmurciano.es\/wp-content\/uploads\/2025\/07\/control-de-conductividad-1024x768.jpg 1024w, https:\/\/jmurciano.es\/wp-content\/uploads\/2025\/07\/control-de-conductividad-768x576.jpg 768w, https:\/\/jmurciano.es\/wp-content\/uploads\/2025\/07\/control-de-conductividad-1536x1152.jpg 1536w, https:\/\/jmurciano.es\/wp-content\/uploads\/2025\/07\/control-de-conductividad-16x12.jpg 16w\" sizes=\"(max-width: 2048px) 100vw, 2048px\" \/>\t<\/div>    <\/div>\n<\/div>\t\t\t\t<\/div>\n\t\t\t\t<\/div>\n\t\t\t\t\t<\/div>\n\t\t<\/div>\n\t\t\t\t\t<\/div>\n\t\t<\/section>\n\t\t\t\t<\/div>","protected":false},"excerpt":{"rendered":"<p>X La instalaci\u00f3n de dosificaci\u00f3n de detergente en lavadora de botellas con control de conductividad permite un lavado eficiente, controlado y seguro. El sistema dosifica autom\u00e1ticamente la cantidad exacta de detergente necesaria, en funci\u00f3n de la conductividad del agua, optimizando el consumo y garantizando una limpieza constante y de calidad. Esta tecnolog\u00eda minimiza el desperdicio [&hellip;]<\/p>","protected":false},"author":1,"featured_media":0,"parent":0,"menu_order":0,"comment_status":"closed","ping_status":"closed","template":"page-full-width.php","meta":{"footnotes":""},"class_list":["post-7855","page","type-page","status-publish","hentry"],"yoast_head":"<!-- This site is optimized with the Yoast SEO plugin v24.7 - https:\/\/yoast.com\/wordpress\/plugins\/seo\/ -->\n<title>Control de conductividad - J Murciano<\/title>\n<meta name=\"robots\" content=\"index, follow, max-snippet:-1, max-image-preview:large, max-video-preview:-1\" \/>\n<link rel=\"canonical\" href=\"https:\/\/jmurciano.es\/en\/control-de-conductividad-2\/\" \/>\n<meta property=\"og:locale\" content=\"en_GB\" \/>\n<meta property=\"og:type\" content=\"article\" \/>\n<meta property=\"og:title\" content=\"Control de conductividad - J Murciano\" \/>\n<meta property=\"og:description\" content=\"X La instalaci\u00f3n de dosificaci\u00f3n de detergente en lavadora de botellas con control de conductividad permite un lavado eficiente, controlado y seguro. El sistema dosifica autom\u00e1ticamente la cantidad exacta de detergente necesaria, en funci\u00f3n de la conductividad del agua, optimizando el consumo y garantizando una limpieza constante y de calidad. Esta tecnolog\u00eda minimiza el desperdicio [&hellip;]\" \/>\n<meta property=\"og:url\" content=\"https:\/\/jmurciano.es\/en\/control-de-conductividad-2\/\" \/>\n<meta property=\"og:site_name\" content=\"J Murciano\" \/>\n<meta property=\"article:modified_time\" content=\"2025-07-31T07:42:43+00:00\" \/>\n<meta property=\"og:image\" content=\"https:\/\/jmurciano.es\/wp-content\/uploads\/2025\/07\/control-de-conductividad.jpg\" \/>\n<meta name=\"twitter:card\" content=\"summary_large_image\" \/>\n<meta name=\"twitter:label1\" content=\"Estimated reading time\" \/>\n\t<meta name=\"twitter:data1\" content=\"1 minute\" \/>\n<script type=\"application\/ld+json\" class=\"yoast-schema-graph\">{\"@context\":\"https:\/\/schema.org\",\"@graph\":[{\"@type\":\"WebPage\",\"@id\":\"https:\/\/jmurciano.es\/control-de-conductividad-2\/\",\"url\":\"https:\/\/jmurciano.es\/control-de-conductividad-2\/\",\"name\":\"Control de conductividad - J Murciano\",\"isPartOf\":{\"@id\":\"https:\/\/jmurciano.es\/#website\"},\"primaryImageOfPage\":{\"@id\":\"https:\/\/jmurciano.es\/control-de-conductividad-2\/#primaryimage\"},\"image\":{\"@id\":\"https:\/\/jmurciano.es\/control-de-conductividad-2\/#primaryimage\"},\"thumbnailUrl\":\"https:\/\/jmurciano.es\/wp-content\/uploads\/2025\/07\/control-de-conductividad.jpg\",\"datePublished\":\"2025-07-31T07:17:32+00:00\",\"dateModified\":\"2025-07-31T07:42:43+00:00\",\"breadcrumb\":{\"@id\":\"https:\/\/jmurciano.es\/control-de-conductividad-2\/#breadcrumb\"},\"inLanguage\":\"en-GB\",\"potentialAction\":[{\"@type\":\"ReadAction\",\"target\":[\"https:\/\/jmurciano.es\/control-de-conductividad-2\/\"]}]},{\"@type\":\"ImageObject\",\"inLanguage\":\"en-GB\",\"@id\":\"https:\/\/jmurciano.es\/control-de-conductividad-2\/#primaryimage\",\"url\":\"https:\/\/jmurciano.es\/wp-content\/uploads\/2025\/07\/control-de-conductividad.jpg\",\"contentUrl\":\"https:\/\/jmurciano.es\/wp-content\/uploads\/2025\/07\/control-de-conductividad.jpg\"},{\"@type\":\"BreadcrumbList\",\"@id\":\"https:\/\/jmurciano.es\/control-de-conductividad-2\/#breadcrumb\",\"itemListElement\":[{\"@type\":\"ListItem\",\"position\":1,\"name\":\"Portada\",\"item\":\"https:\/\/jmurciano.es\/\"},{\"@type\":\"ListItem\",\"position\":2,\"name\":\"Control de conductividad\"}]},{\"@type\":\"WebSite\",\"@id\":\"https:\/\/jmurciano.es\/#website\",\"url\":\"https:\/\/jmurciano.es\/\",\"name\":\"J Murciano\",\"description\":\"\",\"potentialAction\":[{\"@type\":\"SearchAction\",\"target\":{\"@type\":\"EntryPoint\",\"urlTemplate\":\"https:\/\/jmurciano.es\/?s={search_term_string}\"},\"query-input\":{\"@type\":\"PropertyValueSpecification\",\"valueRequired\":true,\"valueName\":\"search_term_string\"}}],\"inLanguage\":\"en-GB\"}]}<\/script>\n<!-- \/ Yoast SEO plugin. -->","yoast_head_json":{"title":"Control de conductividad - J Murciano","robots":{"index":"index","follow":"follow","max-snippet":"max-snippet:-1","max-image-preview":"max-image-preview:large","max-video-preview":"max-video-preview:-1"},"canonical":"https:\/\/jmurciano.es\/en\/control-de-conductividad-2\/","og_locale":"en_GB","og_type":"article","og_title":"Control de conductividad - J Murciano","og_description":"X La instalaci\u00f3n de dosificaci\u00f3n de detergente en lavadora de botellas con control de conductividad permite un lavado eficiente, controlado y seguro. El sistema dosifica autom\u00e1ticamente la cantidad exacta de detergente necesaria, en funci\u00f3n de la conductividad del agua, optimizando el consumo y garantizando una limpieza constante y de calidad. Esta tecnolog\u00eda minimiza el desperdicio [&hellip;]","og_url":"https:\/\/jmurciano.es\/en\/control-de-conductividad-2\/","og_site_name":"J Murciano","article_modified_time":"2025-07-31T07:42:43+00:00","og_image":[{"url":"https:\/\/jmurciano.es\/wp-content\/uploads\/2025\/07\/control-de-conductividad.jpg","type":"","width":"","height":""}],"twitter_card":"summary_large_image","twitter_misc":{"Estimated reading time":"1 minute"},"schema":{"@context":"https:\/\/schema.org","@graph":[{"@type":"WebPage","@id":"https:\/\/jmurciano.es\/control-de-conductividad-2\/","url":"https:\/\/jmurciano.es\/control-de-conductividad-2\/","name":"Control de conductividad - J Murciano","isPartOf":{"@id":"https:\/\/jmurciano.es\/#website"},"primaryImageOfPage":{"@id":"https:\/\/jmurciano.es\/control-de-conductividad-2\/#primaryimage"},"image":{"@id":"https:\/\/jmurciano.es\/control-de-conductividad-2\/#primaryimage"},"thumbnailUrl":"https:\/\/jmurciano.es\/wp-content\/uploads\/2025\/07\/control-de-conductividad.jpg","datePublished":"2025-07-31T07:17:32+00:00","dateModified":"2025-07-31T07:42:43+00:00","breadcrumb":{"@id":"https:\/\/jmurciano.es\/control-de-conductividad-2\/#breadcrumb"},"inLanguage":"en-GB","potentialAction":[{"@type":"ReadAction","target":["https:\/\/jmurciano.es\/control-de-conductividad-2\/"]}]},{"@type":"ImageObject","inLanguage":"en-GB","@id":"https:\/\/jmurciano.es\/control-de-conductividad-2\/#primaryimage","url":"https:\/\/jmurciano.es\/wp-content\/uploads\/2025\/07\/control-de-conductividad.jpg","contentUrl":"https:\/\/jmurciano.es\/wp-content\/uploads\/2025\/07\/control-de-conductividad.jpg"},{"@type":"BreadcrumbList","@id":"https:\/\/jmurciano.es\/control-de-conductividad-2\/#breadcrumb","itemListElement":[{"@type":"ListItem","position":1,"name":"Portada","item":"https:\/\/jmurciano.es\/"},{"@type":"ListItem","position":2,"name":"Control de conductividad"}]},{"@type":"WebSite","@id":"https:\/\/jmurciano.es\/#website","url":"https:\/\/jmurciano.es\/","name":"J Murciano","description":"","potentialAction":[{"@type":"SearchAction","target":{"@type":"EntryPoint","urlTemplate":"https:\/\/jmurciano.es\/?s={search_term_string}"},"query-input":{"@type":"PropertyValueSpecification","valueRequired":true,"valueName":"search_term_string"}}],"inLanguage":"en-GB"}]}},"_links":{"self":[{"href":"https:\/\/jmurciano.es\/en\/wp-json\/wp\/v2\/pages\/7855","targetHints":{"allow":["GET"]}}],"collection":[{"href":"https:\/\/jmurciano.es\/en\/wp-json\/wp\/v2\/pages"}],"about":[{"href":"https:\/\/jmurciano.es\/en\/wp-json\/wp\/v2\/types\/page"}],"author":[{"embeddable":true,"href":"https:\/\/jmurciano.es\/en\/wp-json\/wp\/v2\/users\/1"}],"replies":[{"embeddable":true,"href":"https:\/\/jmurciano.es\/en\/wp-json\/wp\/v2\/comments?post=7855"}],"version-history":[{"count":6,"href":"https:\/\/jmurciano.es\/en\/wp-json\/wp\/v2\/pages\/7855\/revisions"}],"predecessor-version":[{"id":7928,"href":"https:\/\/jmurciano.es\/en\/wp-json\/wp\/v2\/pages\/7855\/revisions\/7928"}],"wp:attachment":[{"href":"https:\/\/jmurciano.es\/en\/wp-json\/wp\/v2\/media?parent=7855"}],"curies":[{"name":"wp","href":"https:\/\/api.w.org\/{rel}","templated":true}]}}