{"id":7877,"date":"2025-07-31T07:34:04","date_gmt":"2025-07-31T07:34:04","guid":{"rendered":"https:\/\/jmurciano.es\/?page_id=7877"},"modified":"2025-07-31T07:35:09","modified_gmt":"2025-07-31T07:35:09","slug":"trabajos-de-traslado-y-re-conexion-con-mejoras-en-proceso-para-queso-tradicional-2","status":"publish","type":"page","link":"https:\/\/jmurciano.es\/en\/trabajos-de-traslado-y-re-conexion-con-mejoras-en-proceso-para-queso-tradicional-2\/","title":{"rendered":"Trabajos de traslado y re conexio\u0301n con mejoras en proceso para queso tradicional"},"content":{"rendered":"<div data-elementor-type=\"wp-page\" data-elementor-id=\"7877\" class=\"elementor elementor-7877\" data-elementor-post-type=\"page\">\n\t\t\t\t\t\t<section class=\"elementor-section elementor-top-section elementor-element elementor-element-041d997 elementor-section-stretched elementor-section-boxed elementor-section-height-default elementor-section-height-default qodef-elementor-content-no\" data-id=\"041d997\" data-element_type=\"section\" data-settings=\"{&quot;stretch_section&quot;:&quot;section-stretched&quot;}\">\n\t\t\t\t\t\t<div class=\"elementor-container elementor-column-gap-default\">\n\t\t\t\t\t<div class=\"elementor-column elementor-col-100 elementor-top-column elementor-element elementor-element-477c01e\" data-id=\"477c01e\" data-element_type=\"column\">\n\t\t\t<div class=\"elementor-widget-wrap elementor-element-populated\">\n\t\t\t\t\t\t<div class=\"elementor-element elementor-element-c9abe11 elementor-widget elementor-widget-heading\" data-id=\"c9abe11\" data-element_type=\"widget\" data-widget_type=\"heading.default\">\n\t\t\t\t<div class=\"elementor-widget-container\">\n\t\t\t\t\t<h2 class=\"elementor-heading-title elementor-size-default\"><a href=\"https:\/\/jmurciano.es\/en\/proyectos-instalaciones-electricas-jmuricano\/\">X<\/a><\/h2>\t\t\t\t<\/div>\n\t\t\t\t<\/div>\n\t\t\t\t\t<\/div>\n\t\t<\/div>\n\t\t\t\t\t<\/div>\n\t\t<\/section>\n\t\t\t\t<section class=\"elementor-section elementor-top-section elementor-element elementor-element-80c8dd9 elementor-section-height-min-height elementor-section-items-top elementor-section-boxed elementor-section-height-default qodef-elementor-content-no\" data-id=\"80c8dd9\" data-element_type=\"section\">\n\t\t\t\t\t\t<div class=\"elementor-container elementor-column-gap-default\">\n\t\t\t\t\t<div class=\"elementor-column elementor-col-100 elementor-top-column elementor-element elementor-element-f8e5aa6\" data-id=\"f8e5aa6\" data-element_type=\"column\">\n\t\t\t<div class=\"elementor-widget-wrap elementor-element-populated\">\n\t\t\t\t\t\t<div class=\"elementor-element elementor-element-98caf7e elementor-widget elementor-widget-text-editor\" data-id=\"98caf7e\" data-element_type=\"widget\" data-widget_type=\"text-editor.default\">\n\t\t\t\t<div class=\"elementor-widget-container\">\n\t\t\t\t\t\t\t\t\t<p>Se realizaron trabajos de traslado y reconexi\u00f3n de equipos con mejoras integradas en el proceso de elaboraci\u00f3n de queso tradicional. Estas intervenciones permitieron optimizar el flujo de producci\u00f3n, mejorar la eficiencia operativa y reducir tiempos muertos. Las adaptaciones incluyeron ajustes en la disposici\u00f3n de equipos, renovaci\u00f3n de conexiones y actualizaci\u00f3n de ciertos componentes clave del proceso. Gracias a estas mejoras, se logr\u00f3 una mayor homogeneidad en el producto final, mejor control de par\u00e1metros cr\u00edticos y una operaci\u00f3n m\u00e1s segura y estable. Todo ello manteniendo la esencia artesanal del queso tradicional, pero con un proceso m\u00e1s moderno, \u00e1gil y confiable.<\/p>\t\t\t\t\t\t\t\t<\/div>\n\t\t\t\t<\/div>\n\t\t\t\t<div class=\"elementor-element elementor-element-a9931f3 elementor-widget elementor-widget-stal_core_image_gallery\" data-id=\"a9931f3\" data-element_type=\"widget\" data-widget_type=\"stal_core_image_gallery.default\">\n\t\t\t\t<div class=\"elementor-widget-container\">\n\t\t\t\t\t<div class=\"qodef-shortcode qodef-m  qodef-image-gallery  qodef-grid qodef-layout--columns  qodef-gutter--normal qodef-col-num--2  qodef-responsive--predefined\">\n    <div class=\"qodef-grid-inner clear\">\n\t\t<div class=\"qodef-e qodef-image-wrapper qodef-grid-item\">\n\t\t\t<img fetchpriority=\"high\" decoding=\"async\" width=\"1536\" height=\"2048\" src=\"https:\/\/jmurciano.es\/wp-content\/uploads\/2025\/07\/Trabajos-de-traslado-y-re-conexion-con-mejoras-en-proceso-para-queso-tradicional.jpg\" class=\"attachment-full size-full\" alt=\"\" srcset=\"https:\/\/jmurciano.es\/wp-content\/uploads\/2025\/07\/Trabajos-de-traslado-y-re-conexion-con-mejoras-en-proceso-para-queso-tradicional.jpg 1536w, https:\/\/jmurciano.es\/wp-content\/uploads\/2025\/07\/Trabajos-de-traslado-y-re-conexion-con-mejoras-en-proceso-para-queso-tradicional-225x300.jpg 225w, https:\/\/jmurciano.es\/wp-content\/uploads\/2025\/07\/Trabajos-de-traslado-y-re-conexion-con-mejoras-en-proceso-para-queso-tradicional-768x1024.jpg 768w, https:\/\/jmurciano.es\/wp-content\/uploads\/2025\/07\/Trabajos-de-traslado-y-re-conexion-con-mejoras-en-proceso-para-queso-tradicional-1152x1536.jpg 1152w, https:\/\/jmurciano.es\/wp-content\/uploads\/2025\/07\/Trabajos-de-traslado-y-re-conexion-con-mejoras-en-proceso-para-queso-tradicional-9x12.jpg 9w\" sizes=\"(max-width: 1536px) 100vw, 1536px\" \/>\t<\/div><div class=\"qodef-e qodef-image-wrapper qodef-grid-item\">\n\t\t\t<img decoding=\"async\" width=\"1536\" height=\"2048\" src=\"https:\/\/jmurciano.es\/wp-content\/uploads\/2025\/07\/Trabajos-de-traslado-y-re-conexion-con-mejoras-en-proceso-para-queso-tradicional-2025-07-10-at-13.43.17.jpeg\" class=\"attachment-full size-full\" alt=\"\" srcset=\"https:\/\/jmurciano.es\/wp-content\/uploads\/2025\/07\/Trabajos-de-traslado-y-re-conexion-con-mejoras-en-proceso-para-queso-tradicional-2025-07-10-at-13.43.17.jpeg 1536w, https:\/\/jmurciano.es\/wp-content\/uploads\/2025\/07\/Trabajos-de-traslado-y-re-conexion-con-mejoras-en-proceso-para-queso-tradicional-2025-07-10-at-13.43.17-225x300.jpeg 225w, https:\/\/jmurciano.es\/wp-content\/uploads\/2025\/07\/Trabajos-de-traslado-y-re-conexion-con-mejoras-en-proceso-para-queso-tradicional-2025-07-10-at-13.43.17-768x1024.jpeg 768w, https:\/\/jmurciano.es\/wp-content\/uploads\/2025\/07\/Trabajos-de-traslado-y-re-conexion-con-mejoras-en-proceso-para-queso-tradicional-2025-07-10-at-13.43.17-1152x1536.jpeg 1152w, https:\/\/jmurciano.es\/wp-content\/uploads\/2025\/07\/Trabajos-de-traslado-y-re-conexion-con-mejoras-en-proceso-para-queso-tradicional-2025-07-10-at-13.43.17-9x12.jpeg 9w\" sizes=\"(max-width: 1536px) 100vw, 1536px\" \/>\t<\/div><div class=\"qodef-e qodef-image-wrapper qodef-grid-item\">\n\t\t\t<img decoding=\"async\" width=\"1536\" height=\"2048\" src=\"https:\/\/jmurciano.es\/wp-content\/uploads\/2025\/07\/Trabajos-de-traslado-y-re-conexion-con-mejoras-en-proceso-para-queso-tradicional-2025-07-10-at-13.43.18-1.jpeg\" class=\"attachment-full size-full\" alt=\"\" srcset=\"https:\/\/jmurciano.es\/wp-content\/uploads\/2025\/07\/Trabajos-de-traslado-y-re-conexion-con-mejoras-en-proceso-para-queso-tradicional-2025-07-10-at-13.43.18-1.jpeg 1536w, https:\/\/jmurciano.es\/wp-content\/uploads\/2025\/07\/Trabajos-de-traslado-y-re-conexion-con-mejoras-en-proceso-para-queso-tradicional-2025-07-10-at-13.43.18-1-225x300.jpeg 225w, https:\/\/jmurciano.es\/wp-content\/uploads\/2025\/07\/Trabajos-de-traslado-y-re-conexion-con-mejoras-en-proceso-para-queso-tradicional-2025-07-10-at-13.43.18-1-768x1024.jpeg 768w, https:\/\/jmurciano.es\/wp-content\/uploads\/2025\/07\/Trabajos-de-traslado-y-re-conexion-con-mejoras-en-proceso-para-queso-tradicional-2025-07-10-at-13.43.18-1-1152x1536.jpeg 1152w, https:\/\/jmurciano.es\/wp-content\/uploads\/2025\/07\/Trabajos-de-traslado-y-re-conexion-con-mejoras-en-proceso-para-queso-tradicional-2025-07-10-at-13.43.18-1-9x12.jpeg 9w\" sizes=\"(max-width: 1536px) 100vw, 1536px\" \/>\t<\/div><div class=\"qodef-e qodef-image-wrapper qodef-grid-item\">\n\t\t\t<img loading=\"lazy\" decoding=\"async\" width=\"1536\" height=\"2048\" src=\"https:\/\/jmurciano.es\/wp-content\/uploads\/2025\/07\/Trabajos-de-traslado-y-re-conexion-con-mejoras-en-proceso-para-queso-tradicional-2025-07-10-at-13.43.18.jpeg\" class=\"attachment-full size-full\" alt=\"\" srcset=\"https:\/\/jmurciano.es\/wp-content\/uploads\/2025\/07\/Trabajos-de-traslado-y-re-conexion-con-mejoras-en-proceso-para-queso-tradicional-2025-07-10-at-13.43.18.jpeg 1536w, https:\/\/jmurciano.es\/wp-content\/uploads\/2025\/07\/Trabajos-de-traslado-y-re-conexion-con-mejoras-en-proceso-para-queso-tradicional-2025-07-10-at-13.43.18-225x300.jpeg 225w, https:\/\/jmurciano.es\/wp-content\/uploads\/2025\/07\/Trabajos-de-traslado-y-re-conexion-con-mejoras-en-proceso-para-queso-tradicional-2025-07-10-at-13.43.18-768x1024.jpeg 768w, https:\/\/jmurciano.es\/wp-content\/uploads\/2025\/07\/Trabajos-de-traslado-y-re-conexion-con-mejoras-en-proceso-para-queso-tradicional-2025-07-10-at-13.43.18-1152x1536.jpeg 1152w, https:\/\/jmurciano.es\/wp-content\/uploads\/2025\/07\/Trabajos-de-traslado-y-re-conexion-con-mejoras-en-proceso-para-queso-tradicional-2025-07-10-at-13.43.18-9x12.jpeg 9w\" sizes=\"(max-width: 1536px) 100vw, 1536px\" \/>\t<\/div>    <\/div>\n<\/div>\t\t\t\t<\/div>\n\t\t\t\t<\/div>\n\t\t\t\t\t<\/div>\n\t\t<\/div>\n\t\t\t\t\t<\/div>\n\t\t<\/section>\n\t\t\t\t<\/div>","protected":false},"excerpt":{"rendered":"<p>X Se realizaron trabajos de traslado y reconexi\u00f3n de equipos con mejoras integradas en el proceso de elaboraci\u00f3n de queso tradicional. Estas intervenciones permitieron optimizar el flujo de producci\u00f3n, mejorar la eficiencia operativa y reducir tiempos muertos. Las adaptaciones incluyeron ajustes en la disposici\u00f3n de equipos, renovaci\u00f3n de conexiones y actualizaci\u00f3n de ciertos componentes clave [&hellip;]<\/p>","protected":false},"author":1,"featured_media":0,"parent":0,"menu_order":0,"comment_status":"closed","ping_status":"closed","template":"page-full-width.php","meta":{"footnotes":""},"class_list":["post-7877","page","type-page","status-publish","hentry"],"yoast_head":"<!-- This site is optimized with the Yoast SEO plugin v24.7 - https:\/\/yoast.com\/wordpress\/plugins\/seo\/ -->\n<title>Trabajos de traslado y re conexio\u0301n con mejoras en proceso para queso tradicional - J Murciano<\/title>\n<meta name=\"robots\" content=\"index, follow, max-snippet:-1, max-image-preview:large, max-video-preview:-1\" \/>\n<link rel=\"canonical\" href=\"https:\/\/jmurciano.es\/en\/trabajos-de-traslado-y-re-conexion-con-mejoras-en-proceso-para-queso-tradicional-2\/\" \/>\n<meta property=\"og:locale\" content=\"en_GB\" \/>\n<meta property=\"og:type\" content=\"article\" \/>\n<meta property=\"og:title\" content=\"Trabajos de traslado y re conexio\u0301n con mejoras en proceso para queso tradicional - J Murciano\" \/>\n<meta property=\"og:description\" content=\"X Se realizaron trabajos de traslado y reconexi\u00f3n de equipos con mejoras integradas en el proceso de elaboraci\u00f3n de queso tradicional. Estas intervenciones permitieron optimizar el flujo de producci\u00f3n, mejorar la eficiencia operativa y reducir tiempos muertos. Las adaptaciones incluyeron ajustes en la disposici\u00f3n de equipos, renovaci\u00f3n de conexiones y actualizaci\u00f3n de ciertos componentes clave [&hellip;]\" \/>\n<meta property=\"og:url\" content=\"https:\/\/jmurciano.es\/en\/trabajos-de-traslado-y-re-conexion-con-mejoras-en-proceso-para-queso-tradicional-2\/\" \/>\n<meta property=\"og:site_name\" content=\"J Murciano\" \/>\n<meta property=\"article:modified_time\" content=\"2025-07-31T07:35:09+00:00\" \/>\n<meta property=\"og:image\" content=\"https:\/\/jmurciano.es\/wp-content\/uploads\/2025\/07\/Trabajos-de-traslado-y-re-conexion-con-mejoras-en-proceso-para-queso-tradicional.jpg\" \/>\n<meta name=\"twitter:card\" content=\"summary_large_image\" \/>\n<meta name=\"twitter:label1\" content=\"Estimated reading time\" \/>\n\t<meta name=\"twitter:data1\" content=\"2 minutes\" \/>\n<script type=\"application\/ld+json\" class=\"yoast-schema-graph\">{\"@context\":\"https:\/\/schema.org\",\"@graph\":[{\"@type\":\"WebPage\",\"@id\":\"https:\/\/jmurciano.es\/trabajos-de-traslado-y-re-conexion-con-mejoras-en-proceso-para-queso-tradicional-2\/\",\"url\":\"https:\/\/jmurciano.es\/trabajos-de-traslado-y-re-conexion-con-mejoras-en-proceso-para-queso-tradicional-2\/\",\"name\":\"Trabajos de traslado y re conexio\u0301n con mejoras en proceso para queso tradicional - J Murciano\",\"isPartOf\":{\"@id\":\"https:\/\/jmurciano.es\/#website\"},\"primaryImageOfPage\":{\"@id\":\"https:\/\/jmurciano.es\/trabajos-de-traslado-y-re-conexion-con-mejoras-en-proceso-para-queso-tradicional-2\/#primaryimage\"},\"image\":{\"@id\":\"https:\/\/jmurciano.es\/trabajos-de-traslado-y-re-conexion-con-mejoras-en-proceso-para-queso-tradicional-2\/#primaryimage\"},\"thumbnailUrl\":\"https:\/\/jmurciano.es\/wp-content\/uploads\/2025\/07\/Trabajos-de-traslado-y-re-conexion-con-mejoras-en-proceso-para-queso-tradicional.jpg\",\"datePublished\":\"2025-07-31T07:34:04+00:00\",\"dateModified\":\"2025-07-31T07:35:09+00:00\",\"breadcrumb\":{\"@id\":\"https:\/\/jmurciano.es\/trabajos-de-traslado-y-re-conexion-con-mejoras-en-proceso-para-queso-tradicional-2\/#breadcrumb\"},\"inLanguage\":\"en-GB\",\"potentialAction\":[{\"@type\":\"ReadAction\",\"target\":[\"https:\/\/jmurciano.es\/trabajos-de-traslado-y-re-conexion-con-mejoras-en-proceso-para-queso-tradicional-2\/\"]}]},{\"@type\":\"ImageObject\",\"inLanguage\":\"en-GB\",\"@id\":\"https:\/\/jmurciano.es\/trabajos-de-traslado-y-re-conexion-con-mejoras-en-proceso-para-queso-tradicional-2\/#primaryimage\",\"url\":\"https:\/\/jmurciano.es\/wp-content\/uploads\/2025\/07\/Trabajos-de-traslado-y-re-conexion-con-mejoras-en-proceso-para-queso-tradicional.jpg\",\"contentUrl\":\"https:\/\/jmurciano.es\/wp-content\/uploads\/2025\/07\/Trabajos-de-traslado-y-re-conexion-con-mejoras-en-proceso-para-queso-tradicional.jpg\"},{\"@type\":\"BreadcrumbList\",\"@id\":\"https:\/\/jmurciano.es\/trabajos-de-traslado-y-re-conexion-con-mejoras-en-proceso-para-queso-tradicional-2\/#breadcrumb\",\"itemListElement\":[{\"@type\":\"ListItem\",\"position\":1,\"name\":\"Portada\",\"item\":\"https:\/\/jmurciano.es\/\"},{\"@type\":\"ListItem\",\"position\":2,\"name\":\"Trabajos de traslado y re conexio\u0301n con mejoras en proceso para queso tradicional\"}]},{\"@type\":\"WebSite\",\"@id\":\"https:\/\/jmurciano.es\/#website\",\"url\":\"https:\/\/jmurciano.es\/\",\"name\":\"J Murciano\",\"description\":\"\",\"potentialAction\":[{\"@type\":\"SearchAction\",\"target\":{\"@type\":\"EntryPoint\",\"urlTemplate\":\"https:\/\/jmurciano.es\/?s={search_term_string}\"},\"query-input\":{\"@type\":\"PropertyValueSpecification\",\"valueRequired\":true,\"valueName\":\"search_term_string\"}}],\"inLanguage\":\"en-GB\"}]}<\/script>\n<!-- \/ Yoast SEO plugin. -->","yoast_head_json":{"title":"Trabajos de traslado y re conexio\u0301n con mejoras en proceso para queso tradicional - J Murciano","robots":{"index":"index","follow":"follow","max-snippet":"max-snippet:-1","max-image-preview":"max-image-preview:large","max-video-preview":"max-video-preview:-1"},"canonical":"https:\/\/jmurciano.es\/en\/trabajos-de-traslado-y-re-conexion-con-mejoras-en-proceso-para-queso-tradicional-2\/","og_locale":"en_GB","og_type":"article","og_title":"Trabajos de traslado y re conexio\u0301n con mejoras en proceso para queso tradicional - J Murciano","og_description":"X Se realizaron trabajos de traslado y reconexi\u00f3n de equipos con mejoras integradas en el proceso de elaboraci\u00f3n de queso tradicional. Estas intervenciones permitieron optimizar el flujo de producci\u00f3n, mejorar la eficiencia operativa y reducir tiempos muertos. Las adaptaciones incluyeron ajustes en la disposici\u00f3n de equipos, renovaci\u00f3n de conexiones y actualizaci\u00f3n de ciertos componentes clave [&hellip;]","og_url":"https:\/\/jmurciano.es\/en\/trabajos-de-traslado-y-re-conexion-con-mejoras-en-proceso-para-queso-tradicional-2\/","og_site_name":"J Murciano","article_modified_time":"2025-07-31T07:35:09+00:00","og_image":[{"url":"https:\/\/jmurciano.es\/wp-content\/uploads\/2025\/07\/Trabajos-de-traslado-y-re-conexion-con-mejoras-en-proceso-para-queso-tradicional.jpg","type":"","width":"","height":""}],"twitter_card":"summary_large_image","twitter_misc":{"Estimated reading time":"2 minutes"},"schema":{"@context":"https:\/\/schema.org","@graph":[{"@type":"WebPage","@id":"https:\/\/jmurciano.es\/trabajos-de-traslado-y-re-conexion-con-mejoras-en-proceso-para-queso-tradicional-2\/","url":"https:\/\/jmurciano.es\/trabajos-de-traslado-y-re-conexion-con-mejoras-en-proceso-para-queso-tradicional-2\/","name":"Trabajos de traslado y re conexio\u0301n con mejoras en proceso para queso tradicional - J Murciano","isPartOf":{"@id":"https:\/\/jmurciano.es\/#website"},"primaryImageOfPage":{"@id":"https:\/\/jmurciano.es\/trabajos-de-traslado-y-re-conexion-con-mejoras-en-proceso-para-queso-tradicional-2\/#primaryimage"},"image":{"@id":"https:\/\/jmurciano.es\/trabajos-de-traslado-y-re-conexion-con-mejoras-en-proceso-para-queso-tradicional-2\/#primaryimage"},"thumbnailUrl":"https:\/\/jmurciano.es\/wp-content\/uploads\/2025\/07\/Trabajos-de-traslado-y-re-conexion-con-mejoras-en-proceso-para-queso-tradicional.jpg","datePublished":"2025-07-31T07:34:04+00:00","dateModified":"2025-07-31T07:35:09+00:00","breadcrumb":{"@id":"https:\/\/jmurciano.es\/trabajos-de-traslado-y-re-conexion-con-mejoras-en-proceso-para-queso-tradicional-2\/#breadcrumb"},"inLanguage":"en-GB","potentialAction":[{"@type":"ReadAction","target":["https:\/\/jmurciano.es\/trabajos-de-traslado-y-re-conexion-con-mejoras-en-proceso-para-queso-tradicional-2\/"]}]},{"@type":"ImageObject","inLanguage":"en-GB","@id":"https:\/\/jmurciano.es\/trabajos-de-traslado-y-re-conexion-con-mejoras-en-proceso-para-queso-tradicional-2\/#primaryimage","url":"https:\/\/jmurciano.es\/wp-content\/uploads\/2025\/07\/Trabajos-de-traslado-y-re-conexion-con-mejoras-en-proceso-para-queso-tradicional.jpg","contentUrl":"https:\/\/jmurciano.es\/wp-content\/uploads\/2025\/07\/Trabajos-de-traslado-y-re-conexion-con-mejoras-en-proceso-para-queso-tradicional.jpg"},{"@type":"BreadcrumbList","@id":"https:\/\/jmurciano.es\/trabajos-de-traslado-y-re-conexion-con-mejoras-en-proceso-para-queso-tradicional-2\/#breadcrumb","itemListElement":[{"@type":"ListItem","position":1,"name":"Portada","item":"https:\/\/jmurciano.es\/"},{"@type":"ListItem","position":2,"name":"Trabajos de traslado y re conexio\u0301n con mejoras en proceso para queso tradicional"}]},{"@type":"WebSite","@id":"https:\/\/jmurciano.es\/#website","url":"https:\/\/jmurciano.es\/","name":"J Murciano","description":"","potentialAction":[{"@type":"SearchAction","target":{"@type":"EntryPoint","urlTemplate":"https:\/\/jmurciano.es\/?s={search_term_string}"},"query-input":{"@type":"PropertyValueSpecification","valueRequired":true,"valueName":"search_term_string"}}],"inLanguage":"en-GB"}]}},"_links":{"self":[{"href":"https:\/\/jmurciano.es\/en\/wp-json\/wp\/v2\/pages\/7877","targetHints":{"allow":["GET"]}}],"collection":[{"href":"https:\/\/jmurciano.es\/en\/wp-json\/wp\/v2\/pages"}],"about":[{"href":"https:\/\/jmurciano.es\/en\/wp-json\/wp\/v2\/types\/page"}],"author":[{"embeddable":true,"href":"https:\/\/jmurciano.es\/en\/wp-json\/wp\/v2\/users\/1"}],"replies":[{"embeddable":true,"href":"https:\/\/jmurciano.es\/en\/wp-json\/wp\/v2\/comments?post=7877"}],"version-history":[{"count":4,"href":"https:\/\/jmurciano.es\/en\/wp-json\/wp\/v2\/pages\/7877\/revisions"}],"predecessor-version":[{"id":7889,"href":"https:\/\/jmurciano.es\/en\/wp-json\/wp\/v2\/pages\/7877\/revisions\/7889"}],"wp:attachment":[{"href":"https:\/\/jmurciano.es\/en\/wp-json\/wp\/v2\/media?parent=7877"}],"curies":[{"name":"wp","href":"https:\/\/api.w.org\/{rel}","templated":true}]}}